{"id":1971,"date":"2015-12-15T07:37:33","date_gmt":"2015-12-15T07:37:33","guid":{"rendered":"https:\/\/yachts-service.ee\/ettevottest\/"},"modified":"2018-02-08T21:33:05","modified_gmt":"2018-02-08T21:33:05","slug":"about","status":"publish","type":"page","link":"https:\/\/yachts-service.ee\/en\/about\/","title":{"rendered":"About"},"content":{"rendered":"<section class=\"wpb-content-wrapper\"><p>[vc_row][vc_column][vc_column_text css=&#8221;.vc_custom_1518125516688{margin-top: 40px !important;}&#8221;]Yachts Service has ten years of experience in winter storage and repair and maintenance of small boats. Our storage facilities are located in Pirita and Kakum\u00e4e, Tallinn and in K\u00e4rdla, Hiiumaa. To provide a quicker service, we have invested in equipment in K\u00e4rdla \u2013 there we have a Roodberg 60 t trailer and a JCB tractor (for towing the trailer).\u00a0 We service about 100 larger and smaller vessels a year in our facilities and boatyards.<\/p>\n<p>About half of the company\u2019s clients are from Estonia, about 40% from Finland and 10% from Russia. The company is officially authorised to provide maintenance to Volvo Penta engines and is the certified maintenance and repair partner of the Danish X-Yachts A\/S and German Dehler Yachts, even for performing warranty service.[\/vc_column_text][vc_empty_space height=&#8221;70px&#8221;][\/vc_column][\/vc_row][vc_row][vc_column width=&#8221;1\/2&#8243;][vc_custom_heading text=&#8221;Visioon&#8221; font_container=&#8221;tag:h4|text_align:left|color:%23222222&#8243; use_theme_fonts=&#8221;yes&#8221; css=&#8221;.vc_custom_1515580198535{margin-bottom: 15px !important;}&#8221; el_class=&#8221;no_stripe&#8221;][vc_column_text]<\/p>\n<p style=\"text-align: justify;\">From the very beginning, the company has been aiming to develop the best service. To this end, we have invested in the construction of new facilities, in high-quality equipment and in the development of our team. Having been committed to the provision of services, such as storage of craft and all the related services, we have built a solid foundation and a team to start developing boat sales.The possibility to use the existing centres and a substantial loyal customer base are some of our great advantages for developing sales. By 2018, a new, modern Kakumae Harbour, with the necessary infrastructure, a total area of 4500m2 mand a lifting capacity up to 120 T will be completed.<\/p>\n<p style=\"text-align: justify;\">A cooperation agreement has been concluded between Kakumae Harbour and YS, under which YS will provide all the necessary services and help to find customers for winter storage, which would serve the interests of the owner of the harbour. Within the scope of the Kakumae project, YS will open its new office and store area to receive customers and offer its products and services.<\/p>\n<p>[\/vc_column_text][\/vc_column][vc_column width=&#8221;1\/2&#8243;][vc_custom_heading text=&#8221;How we work&#8221; font_container=&#8221;tag:h4|text_align:left|color:%23222222&#8243; use_theme_fonts=&#8221;yes&#8221; css=&#8221;.vc_custom_1515580608327{margin-bottom: 28px !important;}&#8221; el_class=&#8221;no_stripe&#8221;][vc_gallery images=&#8221;1782,1783,1779,1751,1761,1749,1506,1511,1389,1390,1391,1384&#8243;][\/vc_column][\/vc_row]<\/p>\n<\/section>","protected":false},"excerpt":{"rendered":"<p>[vc_row][vc_column][vc_column_text css=&#8221;.vc_custom_1518125516688{margin-top: 40px !important;}&#8221;]Yachts Service has ten years of experience in winter storage and repair and maintenance of small boats. Our storage facilities are located in Pirita and Kakum\u00e4e, Tallinn and in K\u00e4rdla, Hiiumaa. To provide a quicker service, we have invested in equipment in K\u00e4rdla \u2013 there we have a Roodberg 60 t trailer<\/p>\n","protected":false},"author":2,"featured_media":0,"parent":0,"menu_order":0,"comment_status":"closed","ping_status":"closed","template":"","meta":{"_exactmetrics_skip_tracking":false,"_exactmetrics_sitenote_active":false,"_exactmetrics_sitenote_note":"","_exactmetrics_sitenote_category":0,"footnotes":""},"class_list":["post-1971","page","type-page","status-publish","hentry"],"yoast_head":"<!-- This site is optimized with the Yoast SEO plugin v26.2 - https:\/\/yoast.com\/wordpress\/plugins\/seo\/ -->\n<title>About - Yachts Service<\/title>\n<meta name=\"robots\" content=\"index, follow, max-snippet:-1, max-image-preview:large, max-video-preview:-1\" \/>\n<link rel=\"canonical\" href=\"https:\/\/yachts-service.ee\/en\/about\/\" \/>\n<meta property=\"og:locale\" content=\"en_US\" \/>\n<meta property=\"og:type\" content=\"article\" \/>\n<meta property=\"og:title\" content=\"About - Yachts Service\" \/>\n<meta property=\"og:description\" content=\"[vc_row][vc_column][vc_column_text css=&#8221;.vc_custom_1518125516688{margin-top: 40px !important;}&#8221;]Yachts Service has ten years of experience in winter storage and repair and maintenance of small boats. Our storage facilities are located in Pirita and Kakum\u00e4e, Tallinn and in K\u00e4rdla, Hiiumaa. To provide a quicker service, we have invested in equipment in K\u00e4rdla \u2013 there we have a Roodberg 60 t trailer\" \/>\n<meta property=\"og:url\" content=\"https:\/\/yachts-service.ee\/en\/about\/\" \/>\n<meta property=\"og:site_name\" content=\"Yachts Service\" \/>\n<meta property=\"article:publisher\" content=\"https:\/\/www.facebook.com\/yachtsservice\/\" \/>\n<meta property=\"article:modified_time\" content=\"2018-02-08T21:33:05+00:00\" \/>\n<meta name=\"twitter:card\" content=\"summary_large_image\" \/>\n<meta name=\"twitter:label1\" content=\"Est. reading time\" \/>\n\t<meta name=\"twitter:data1\" content=\"2 minutes\" \/>\n<script type=\"application\/ld+json\" class=\"yoast-schema-graph\">{\"@context\":\"https:\/\/schema.org\",\"@graph\":[{\"@type\":\"WebPage\",\"@id\":\"https:\/\/yachts-service.ee\/en\/about\/\",\"url\":\"https:\/\/yachts-service.ee\/en\/about\/\",\"name\":\"About - Yachts Service\",\"isPartOf\":{\"@id\":\"https:\/\/yachts-service.ee\/#website\"},\"datePublished\":\"2015-12-15T07:37:33+00:00\",\"dateModified\":\"2018-02-08T21:33:05+00:00\",\"breadcrumb\":{\"@id\":\"https:\/\/yachts-service.ee\/en\/about\/#breadcrumb\"},\"inLanguage\":\"en-US\",\"potentialAction\":[{\"@type\":\"ReadAction\",\"target\":[\"https:\/\/yachts-service.ee\/en\/about\/\"]}]},{\"@type\":\"BreadcrumbList\",\"@id\":\"https:\/\/yachts-service.ee\/en\/about\/#breadcrumb\",\"itemListElement\":[{\"@type\":\"ListItem\",\"position\":1,\"name\":\"Home\",\"item\":\"https:\/\/yachts-service.ee\/en\/\"},{\"@type\":\"ListItem\",\"position\":2,\"name\":\"About\"}]},{\"@type\":\"WebSite\",\"@id\":\"https:\/\/yachts-service.ee\/#website\",\"url\":\"https:\/\/yachts-service.ee\/\",\"name\":\"Yachts Service\",\"description\":\"\",\"publisher\":{\"@id\":\"https:\/\/yachts-service.ee\/#organization\"},\"potentialAction\":[{\"@type\":\"SearchAction\",\"target\":{\"@type\":\"EntryPoint\",\"urlTemplate\":\"https:\/\/yachts-service.ee\/?s={search_term_string}\"},\"query-input\":{\"@type\":\"PropertyValueSpecification\",\"valueRequired\":true,\"valueName\":\"search_term_string\"}}],\"inLanguage\":\"en-US\"},{\"@type\":\"Organization\",\"@id\":\"https:\/\/yachts-service.ee\/#organization\",\"name\":\"Yachts Service\",\"url\":\"https:\/\/yachts-service.ee\/\",\"logo\":{\"@type\":\"ImageObject\",\"inLanguage\":\"en-US\",\"@id\":\"https:\/\/yachts-service.ee\/#\/schema\/logo\/image\/\",\"url\":\"https:\/\/yachts-service.ee\/wp-content\/uploads\/2017\/11\/cropped-YS-logo-text-blue.png\",\"contentUrl\":\"https:\/\/yachts-service.ee\/wp-content\/uploads\/2017\/11\/cropped-YS-logo-text-blue.png\",\"width\":512,\"height\":512,\"caption\":\"Yachts Service\"},\"image\":{\"@id\":\"https:\/\/yachts-service.ee\/#\/schema\/logo\/image\/\"},\"sameAs\":[\"https:\/\/www.facebook.com\/yachtsservice\/\"]}]}<\/script>\n<!-- \/ Yoast SEO plugin. -->","yoast_head_json":{"title":"About - Yachts Service","robots":{"index":"index","follow":"follow","max-snippet":"max-snippet:-1","max-image-preview":"max-image-preview:large","max-video-preview":"max-video-preview:-1"},"canonical":"https:\/\/yachts-service.ee\/en\/about\/","og_locale":"en_US","og_type":"article","og_title":"About - Yachts Service","og_description":"[vc_row][vc_column][vc_column_text css=&#8221;.vc_custom_1518125516688{margin-top: 40px !important;}&#8221;]Yachts Service has ten years of experience in winter storage and repair and maintenance of small boats. Our storage facilities are located in Pirita and Kakum\u00e4e, Tallinn and in K\u00e4rdla, Hiiumaa. To provide a quicker service, we have invested in equipment in K\u00e4rdla \u2013 there we have a Roodberg 60 t trailer","og_url":"https:\/\/yachts-service.ee\/en\/about\/","og_site_name":"Yachts Service","article_publisher":"https:\/\/www.facebook.com\/yachtsservice\/","article_modified_time":"2018-02-08T21:33:05+00:00","twitter_card":"summary_large_image","twitter_misc":{"Est. reading time":"2 minutes"},"schema":{"@context":"https:\/\/schema.org","@graph":[{"@type":"WebPage","@id":"https:\/\/yachts-service.ee\/en\/about\/","url":"https:\/\/yachts-service.ee\/en\/about\/","name":"About - Yachts Service","isPartOf":{"@id":"https:\/\/yachts-service.ee\/#website"},"datePublished":"2015-12-15T07:37:33+00:00","dateModified":"2018-02-08T21:33:05+00:00","breadcrumb":{"@id":"https:\/\/yachts-service.ee\/en\/about\/#breadcrumb"},"inLanguage":"en-US","potentialAction":[{"@type":"ReadAction","target":["https:\/\/yachts-service.ee\/en\/about\/"]}]},{"@type":"BreadcrumbList","@id":"https:\/\/yachts-service.ee\/en\/about\/#breadcrumb","itemListElement":[{"@type":"ListItem","position":1,"name":"Home","item":"https:\/\/yachts-service.ee\/en\/"},{"@type":"ListItem","position":2,"name":"About"}]},{"@type":"WebSite","@id":"https:\/\/yachts-service.ee\/#website","url":"https:\/\/yachts-service.ee\/","name":"Yachts Service","description":"","publisher":{"@id":"https:\/\/yachts-service.ee\/#organization"},"potentialAction":[{"@type":"SearchAction","target":{"@type":"EntryPoint","urlTemplate":"https:\/\/yachts-service.ee\/?s={search_term_string}"},"query-input":{"@type":"PropertyValueSpecification","valueRequired":true,"valueName":"search_term_string"}}],"inLanguage":"en-US"},{"@type":"Organization","@id":"https:\/\/yachts-service.ee\/#organization","name":"Yachts Service","url":"https:\/\/yachts-service.ee\/","logo":{"@type":"ImageObject","inLanguage":"en-US","@id":"https:\/\/yachts-service.ee\/#\/schema\/logo\/image\/","url":"https:\/\/yachts-service.ee\/wp-content\/uploads\/2017\/11\/cropped-YS-logo-text-blue.png","contentUrl":"https:\/\/yachts-service.ee\/wp-content\/uploads\/2017\/11\/cropped-YS-logo-text-blue.png","width":512,"height":512,"caption":"Yachts Service"},"image":{"@id":"https:\/\/yachts-service.ee\/#\/schema\/logo\/image\/"},"sameAs":["https:\/\/www.facebook.com\/yachtsservice\/"]}]}},"_links":{"self":[{"href":"https:\/\/yachts-service.ee\/en\/wp-json\/wp\/v2\/pages\/1971","targetHints":{"allow":["GET"]}}],"collection":[{"href":"https:\/\/yachts-service.ee\/en\/wp-json\/wp\/v2\/pages"}],"about":[{"href":"https:\/\/yachts-service.ee\/en\/wp-json\/wp\/v2\/types\/page"}],"author":[{"embeddable":true,"href":"https:\/\/yachts-service.ee\/en\/wp-json\/wp\/v2\/users\/2"}],"replies":[{"embeddable":true,"href":"https:\/\/yachts-service.ee\/en\/wp-json\/wp\/v2\/comments?post=1971"}],"version-history":[{"count":4,"href":"https:\/\/yachts-service.ee\/en\/wp-json\/wp\/v2\/pages\/1971\/revisions"}],"predecessor-version":[{"id":3725,"href":"https:\/\/yachts-service.ee\/en\/wp-json\/wp\/v2\/pages\/1971\/revisions\/3725"}],"wp:attachment":[{"href":"https:\/\/yachts-service.ee\/en\/wp-json\/wp\/v2\/media?parent=1971"}],"curies":[{"name":"wp","href":"https:\/\/api.w.org\/{rel}","templated":true}]}}