{"id":2398,"date":"2018-02-10T20:28:49","date_gmt":"2018-02-10T20:28:49","guid":{"rendered":"https:\/\/yachts-service.ee\/?page_id=2398"},"modified":"2022-05-20T07:07:24","modified_gmt":"2022-05-20T07:07:24","slug":"kotisivu","status":"publish","type":"page","link":"https:\/\/yachts-service.ee\/fi\/","title":{"rendered":"Kotisivu"},"content":{"rendered":"<section class=\"wpb-content-wrapper\"><p>[vc_row css=&#8221;.vc_custom_1450677977665{margin-bottom: 0px !important;}&#8221;][vc_column offset=&#8221;vc_hidden-xs&#8221;][rev_slider_vc alias=&#8221;avaleht-fade-fin&#8221;][vc_empty_space height=&#8221;50px&#8221;][\/vc_column][\/vc_row][vc_row css=&#8221;.vc_custom_1512080676668{margin-bottom: 37px !important;}&#8221;][vc_column video_bg=&#8221;yes&#8221; video_bg_url=&#8221;https:\/\/youtu.be\/1JM_My-ADMY&#8221; width=&#8221;1\/2&#8243;][vc_single_image image=&#8221;10775&#8243; img_size=&#8221;full&#8221;][\/vc_column][vc_column width=&#8221;1\/2&#8243;][vc_custom_heading text=&#8221;YACHTS SERVICE&#8221; font_container=&#8221;tag:h2|font_size:45px|text_align:center|line_height:60px&#8221; use_theme_fonts=&#8221;yes&#8221; el_class=&#8221;base_font_color&#8221; css=&#8221;.vc_custom_1515419196015{margin-bottom: 28px !important;}&#8221;][vc_column_text]<\/p>\n<p style=\"text-align: justify;\">Yachts Servicella on vuosikymmenten kokemus pienalusten talvivarastoinnista ja korjaus- ja huoltot\u00f6ist\u00e4. Varastointialueet sijaitsevat Tallinnassa &#8211; Piritalla, Tallinnassa &#8211; Kakum\u00e4ell\u00e4 ja K\u00e4rdlassa &#8211; Hiidenmaalla. Nopeampaa palvelua tavoiteltaessa on K\u00e4rdlassa investoitu tekniikkaan &#8211; paikan p\u00e4\u00e4ll\u00e4 on Roodbergin 60T traileri ja JCB traktori (trailerin siirt\u00e4miseen). Palvelemme vuosittain tiloissamme ja vesillelaskurampeillamme noin 100 suurempaa ja pienemp\u00e4\u00e4 alusta.<br \/>\nL\u00e4hes puolet yrityksen asiakkaista on Virosta, noin 40 % Suomesta ja 10 % Ven\u00e4j\u00e4lt\u00e4. Yrityksell\u00e4 on Volvo Penta moottorien virallinen huolto-oikeus ja se on\u00a0 saksalaisen Dehler Yachtsin hyv\u00e4ksym\u00e4 huolto- ja korjauskumppani, my\u00f6s takuut\u00f6iden osalta.<\/p>\n<p>[\/vc_column_text][\/vc_column][\/vc_row][vc_row css=&#8221;.vc_custom_1450856873482{margin-bottom: 37px !important;}&#8221;][vc_column width=&#8221;1\/3&#8243;][stm_animation_block animation=&#8221;fadeInUp&#8221; animation_duration=&#8221;1&#8243; animation_delay=&#8221;0&#8243;][stm_info_box style=&#8221;style_3&#8243; title_icon=&#8221;fa fa-ship&#8221; icon=&#8221;fa fa-chevron-right&#8221; title=&#8221;Talvis\u00e4ilytys&#8221; image=&#8221;1668&#8243; link=&#8221;url:https%3A%2F%2Fuusweeb.yachts-service.ee%2Fservices%2Ftalvehoiustamine%2F|title:VAATA%20L%C3%84HEMALT||&#8221;]Moottoriveneiden ja purjeveneiden varastointia tarjoamme Tallinnassa Piritalla ja Kakum\u00e4ell\u00e4, K\u00e4rdlassa ja Haapsalussa.<\/p>\n<p><a href=\"https:\/\/yachts-service.ee\/fi\/talvisailytys\/\">Lue lisa<\/a>[\/stm_info_box][\/stm_animation_block][\/vc_column][vc_column width=&#8221;1\/3&#8243;][stm_animation_block animation=&#8221;fadeInUp&#8221; animation_duration=&#8221;1&#8243; animation_delay=&#8221;0.05&#8243;][stm_info_box style=&#8221;style_3&#8243; title_icon=&#8221;fa fa-ship&#8221; icon=&#8221;fa fa-chevron-right&#8221; title=&#8221;Volvo Penta Service&#8221; image=&#8221;1676&#8243; link=&#8221;url:%23|title:read%20more|&#8221;]Yachts Service on Volvo Pentan virallinen edustaja Virossa. Teemme kaikkia Volvo Pentan huolto- ja korjaust\u00f6it\u00e4.<\/p>\n<p><a href=\"https:\/\/yachts-service.ee\/fi\/volvo-penta-service\/\">Lue lis\u00e4\u00e4<\/a>[\/stm_info_box][\/stm_animation_block][\/vc_column][vc_column width=&#8221;1\/3&#8243;][stm_animation_block animation=&#8221;fadeInUp&#8221; animation_duration=&#8221;1&#8243; animation_delay=&#8221;0.1&#8243;][stm_info_box style=&#8221;style_3&#8243; title_icon=&#8221;stm-nokia_outline&#8221; title=&#8221;Veneiden ja jahtien myynti&#8221; image=&#8221;10691&#8243; link=&#8221;url:%23|title:read%20more|&#8221;]Yachts Service O\u00dc myy erilaisia \u200b\u200bjahteja ja moottoriveneit\u00e4.[\/stm_info_box][\/stm_animation_block][\/vc_column][\/vc_row][vc_row full_width=&#8221;stretch_row&#8221; css=&#8221;.vc_custom_1451476985704{padding-top: 53px !important;padding-bottom: 70px !important;background-color: #f2f2f2 !important;}&#8221;][vc_column][vc_custom_heading text=&#8221;Palvelumme&#8221; font_container=&#8221;tag:h2|font_size:45px|text_align:center|line_height:60px&#8221; use_theme_fonts=&#8221;yes&#8221; el_class=&#8221;base_font_color&#8221; css=&#8221;.vc_custom_1518299328258{margin-bottom: 28px !important;}&#8221;][stm_services posts_per_page=&#8221;8&#8243; posts_per_row=&#8221;4&#8243;][vc_custom_heading text=&#8221;Yhteystiedot&#8221; font_container=&#8221;tag:h2|font_size:45px|text_align:center|line_height:60px&#8221; use_theme_fonts=&#8221;yes&#8221; el_class=&#8221;base_font_color&#8221; css=&#8221;.vc_custom_1539254816043{margin-bottom: 40px !important;}&#8221; subtitle=&#8221;Yachts Service O\u00dc, Purje 8, 11911 Tallinn&#8221; subtitle_color=&#8221;#848484&#8243;][\/vc_column][\/vc_row][vc_row full_width=&#8221;stretch_row_content_no_spaces&#8221; css=&#8221;.vc_custom_1511357684411{margin-top: 0px !important;margin-bottom: -60px !important;padding-top: 0px !important;padding-bottom: 0px !important;}&#8221;][vc_column][vc_column_text css=&#8221;.vc_custom_1515137661457{margin-bottom: 0px !important;padding-bottom: 0px !important;}&#8221;]\n            \n            \n            \n            <a name='map1'><\/a>\n            \n            \n            \n            \n            <div class=\"wpgmza_map \"  id=\"wpgmza_map_1\" style=\"display:block; overflow:auto; width:100%; height:500px; float:left;\" data-settings='{\"id\":\"1\",\"map_title\":\"Hoolduspunktid\",\"map_width\":\"100\",\"map_height\":\"500\",\"map_start_lat\":\"59.121147\",\"map_start_lng\":\"25.126551\",\"map_start_location\":\"59.121146972636154,25.126551031249964\",\"map_start_zoom\":\"7\",\"default_marker\":\"0\",\"type\":\"1\",\"alignment\":\"1\",\"directions_enabled\":\"0\",\"styling_enabled\":\"0\",\"styling_json\":\"\",\"active\":\"0\",\"kml\":\"\",\"bicycle\":\"0\",\"traffic\":\"0\",\"dbox\":\"1\",\"dbox_width\":\"100\",\"listmarkers\":\"0\",\"listmarkers_advanced\":\"0\",\"filterbycat\":\"0\",\"ugm_enabled\":\"0\",\"ugm_category_enabled\":\"0\",\"fusion\":\"\",\"map_width_type\":\"\\\\%\",\"map_height_type\":\"px\",\"mass_marker_support\":\"1\",\"ugm_access\":\"0\",\"order_markers_by\":\"1\",\"order_markers_choice\":\"2\",\"show_user_location\":\"2\",\"default_to\":\"\",\"other_settings\":{\"wpgmza_store_locator_restrict\":\"\",\"wpgmza_sl_animation\":\"1\",\"store_locator_query_string\":\"ZIP \\\/ Address:\",\"store_locator_name_string\":\"Title \\\/ Description:\",\"store_locator_default_address\":\"\",\"wpgmza_dbox_width_type\":\"%\",\"map_max_zoom\":\"3\",\"map_min_zoom\":\"21\",\"sl_stroke_color\":\"FF0000\",\"sl_stroke_opacity\":\"0.25\",\"sl_fill_color\":\"FF0000\",\"sl_fill_opacity\":\"0.15\",\"click_open_link\":2,\"transport_layer\":0,\"iw_primary_color\":\"2A3744\",\"iw_accent_color\":\"252F3A\",\"iw_text_color\":\"FFFFFF\",\"wpgmza_iw_type\":\"0\",\"list_markers_by\":\"0\",\"push_in_map\":\"\",\"push_in_map_placement\":\"9\",\"wpgmza_push_in_map_width\":\"\",\"wpgmza_push_in_map_height\":\"\",\"wpgmza_theme_data\":\"[{\\\\\\\"featureType\\\\\\\": \\\\\\\"administrative\\\\\\\",\\\\\\\"elementType\\\\\\\": \\\\\\\"labels.text.fill\\\\\\\",\\\\\\\"stylers\\\\\\\": [{\\\\\\\"color\\\\\\\": \\\\\\\"#444444\\\\\\\"}]},{\\\\\\\"featureType\\\\\\\": \\\\\\\"landscape\\\\\\\",\\\\\\\"elementType\\\\\\\": \\\\\\\"all\\\\\\\",\\\\\\\"stylers\\\\\\\": [{\\\\\\\"color\\\\\\\": \\\\\\\"#f2f2f2\\\\\\\"}]},{\\\\\\\"featureType\\\\\\\": \\\\\\\"poi\\\\\\\",\\\\\\\"elementType\\\\\\\": \\\\\\\"all\\\\\\\",\\\\\\\"stylers\\\\\\\": [{\\\\\\\"visibility\\\\\\\": \\\\\\\"off\\\\\\\"}]},{\\\\\\\"featureType\\\\\\\": \\\\\\\"road\\\\\\\",\\\\\\\"elementType\\\\\\\": \\\\\\\"all\\\\\\\",\\\\\\\"stylers\\\\\\\": [{\\\\\\\"saturation\\\\\\\": -100},{\\\\\\\"lightness\\\\\\\": 45}]},{\\\\\\\"featureType\\\\\\\": \\\\\\\"road.highway\\\\\\\",\\\\\\\"elementType\\\\\\\": \\\\\\\"all\\\\\\\",\\\\\\\"stylers\\\\\\\": [{\\\\\\\"visibility\\\\\\\": \\\\\\\"simplified\\\\\\\"}]},{\\\\\\\"featureType\\\\\\\": \\\\\\\"road.arterial\\\\\\\",\\\\\\\"elementType\\\\\\\": \\\\\\\"labels.icon\\\\\\\",\\\\\\\"stylers\\\\\\\": [{\\\\\\\"visibility\\\\\\\": \\\\\\\"off\\\\\\\"}]},{\\\\\\\"featureType\\\\\\\": \\\\\\\"transit\\\\\\\",\\\\\\\"elementType\\\\\\\": \\\\\\\"all\\\\\\\",\\\\\\\"stylers\\\\\\\": [{\\\\\\\"visibility\\\\\\\": \\\\\\\"off\\\\\\\"}]},{\\\\\\\"featureType\\\\\\\": \\\\\\\"water\\\\\\\",\\\\\\\"elementType\\\\\\\": \\\\\\\"all\\\\\\\",\\\\\\\"stylers\\\\\\\": [{\\\\\\\"color\\\\\\\": \\\\\\\"#46bcec\\\\\\\"},{\\\\\\\"visibility\\\\\\\": \\\\\\\"on\\\\\\\"}]}]\",\"wpgmza_theme_selection\":1,\"upload_default_ul_marker\":\"\",\"upload_default_sl_marker\":\"\",\"shortcodeAttributes\":{\"id\":\"1\"}}}' data-map-id='1' data-shortcode-attributes='{\"id\":\"1\"}'> <\/div>\n            \n               \n        [\/vc_column_text][\/vc_column][\/vc_row]<\/p>\n<\/section>","protected":false},"excerpt":{"rendered":"<p>[vc_row css=&#8221;.vc_custom_1450677977665{margin-bottom: 0px !important;}&#8221;][vc_column offset=&#8221;vc_hidden-xs&#8221;][rev_slider_vc alias=&#8221;avaleht-fade-fin&#8221;][vc_empty_space height=&#8221;50px&#8221;][\/vc_column][\/vc_row][vc_row css=&#8221;.vc_custom_1512080676668{margin-bottom: 37px !important;}&#8221;][vc_column video_bg=&#8221;yes&#8221; video_bg_url=&#8221;https:\/\/youtu.be\/1JM_My-ADMY&#8221; width=&#8221;1\/2&#8243;][vc_single_image image=&#8221;10775&#8243; img_size=&#8221;full&#8221;][\/vc_column][vc_column width=&#8221;1\/2&#8243;][vc_custom_heading text=&#8221;YACHTS SERVICE&#8221; font_container=&#8221;tag:h2|font_size:45px|text_align:center|line_height:60px&#8221; use_theme_fonts=&#8221;yes&#8221; el_class=&#8221;base_font_color&#8221; css=&#8221;.vc_custom_1515419196015{margin-bottom: 28px !important;}&#8221;][vc_column_text] Yachts Servicella on vuosikymmenten kokemus pienalusten talvivarastoinnista ja korjaus- ja huoltot\u00f6ist\u00e4. Varastointialueet sijaitsevat Tallinnassa &#8211; Piritalla, Tallinnassa &#8211; Kakum\u00e4ell\u00e4 ja K\u00e4rdlassa &#8211; Hiidenmaalla. Nopeampaa palvelua tavoiteltaessa on K\u00e4rdlassa investoitu tekniikkaan &#8211;<\/p>\n","protected":false},"author":2,"featured_media":0,"parent":0,"menu_order":0,"comment_status":"closed","ping_status":"closed","template":"","meta":{"_exactmetrics_skip_tracking":false,"_exactmetrics_sitenote_active":false,"_exactmetrics_sitenote_note":"","_exactmetrics_sitenote_category":0,"footnotes":""},"class_list":["post-2398","page","type-page","status-publish","hentry"],"yoast_head":"<!-- This site is optimized with the Yoast SEO plugin v26.2 - https:\/\/yoast.com\/wordpress\/plugins\/seo\/ -->\n<title>Kotisivu - Yachts Service<\/title>\n<meta name=\"robots\" content=\"index, follow, max-snippet:-1, max-image-preview:large, max-video-preview:-1\" \/>\n<link rel=\"canonical\" href=\"https:\/\/yachts-service.ee\/fi\/\" \/>\n<meta property=\"og:locale\" content=\"fi_FI\" \/>\n<meta property=\"og:type\" content=\"article\" \/>\n<meta property=\"og:title\" content=\"Kotisivu - Yachts Service\" \/>\n<meta property=\"og:description\" content=\"[vc_row css=&#8221;.vc_custom_1450677977665{margin-bottom: 0px !important;}&#8221;][vc_column offset=&#8221;vc_hidden-xs&#8221;][rev_slider_vc alias=&#8221;avaleht-fade-fin&#8221;][vc_empty_space height=&#8221;50px&#8221;][\/vc_column][\/vc_row][vc_row css=&#8221;.vc_custom_1512080676668{margin-bottom: 37px !important;}&#8221;][vc_column video_bg=&#8221;yes&#8221; video_bg_url=&#8221;https:\/\/youtu.be\/1JM_My-ADMY&#8221; width=&#8221;1\/2&#8243;][vc_single_image image=&#8221;10775&#8243; img_size=&#8221;full&#8221;][\/vc_column][vc_column width=&#8221;1\/2&#8243;][vc_custom_heading text=&#8221;YACHTS SERVICE&#8221; font_container=&#8221;tag:h2|font_size:45px|text_align:center|line_height:60px&#8221; use_theme_fonts=&#8221;yes&#8221; el_class=&#8221;base_font_color&#8221; css=&#8221;.vc_custom_1515419196015{margin-bottom: 28px !important;}&#8221;][vc_column_text] Yachts Servicella on vuosikymmenten kokemus pienalusten talvivarastoinnista ja korjaus- ja huoltot\u00f6ist\u00e4. Varastointialueet sijaitsevat Tallinnassa &#8211; Piritalla, Tallinnassa &#8211; Kakum\u00e4ell\u00e4 ja K\u00e4rdlassa &#8211; Hiidenmaalla. Nopeampaa palvelua tavoiteltaessa on K\u00e4rdlassa investoitu tekniikkaan &#8211;\" \/>\n<meta property=\"og:url\" content=\"https:\/\/yachts-service.ee\/fi\/\" \/>\n<meta property=\"og:site_name\" content=\"Yachts Service\" \/>\n<meta property=\"article:publisher\" content=\"https:\/\/www.facebook.com\/yachtsservice\/\" \/>\n<meta property=\"article:modified_time\" content=\"2022-05-20T07:07:24+00:00\" \/>\n<meta name=\"twitter:card\" content=\"summary_large_image\" \/>\n<meta name=\"twitter:label1\" content=\"Arvioitu lukuaika\" \/>\n\t<meta name=\"twitter:data1\" content=\"2 minuuttia\" \/>\n<script type=\"application\/ld+json\" class=\"yoast-schema-graph\">{\"@context\":\"https:\/\/schema.org\",\"@graph\":[{\"@type\":\"WebPage\",\"@id\":\"https:\/\/yachts-service.ee\/fi\/\",\"url\":\"https:\/\/yachts-service.ee\/fi\/\",\"name\":\"Kotisivu - Yachts Service\",\"isPartOf\":{\"@id\":\"https:\/\/yachts-service.ee\/#website\"},\"datePublished\":\"2018-02-10T20:28:49+00:00\",\"dateModified\":\"2022-05-20T07:07:24+00:00\",\"breadcrumb\":{\"@id\":\"https:\/\/yachts-service.ee\/fi\/#breadcrumb\"},\"inLanguage\":\"fi\",\"potentialAction\":[{\"@type\":\"ReadAction\",\"target\":[\"https:\/\/yachts-service.ee\/fi\/\"]}]},{\"@type\":\"BreadcrumbList\",\"@id\":\"https:\/\/yachts-service.ee\/fi\/#breadcrumb\",\"itemListElement\":[{\"@type\":\"ListItem\",\"position\":1,\"name\":\"Home\",\"item\":\"https:\/\/yachts-service.ee\/fi\/\"},{\"@type\":\"ListItem\",\"position\":2,\"name\":\"Kotisivu\"}]},{\"@type\":\"WebSite\",\"@id\":\"https:\/\/yachts-service.ee\/#website\",\"url\":\"https:\/\/yachts-service.ee\/\",\"name\":\"Yachts Service\",\"description\":\"\",\"publisher\":{\"@id\":\"https:\/\/yachts-service.ee\/#organization\"},\"potentialAction\":[{\"@type\":\"SearchAction\",\"target\":{\"@type\":\"EntryPoint\",\"urlTemplate\":\"https:\/\/yachts-service.ee\/?s={search_term_string}\"},\"query-input\":{\"@type\":\"PropertyValueSpecification\",\"valueRequired\":true,\"valueName\":\"search_term_string\"}}],\"inLanguage\":\"fi\"},{\"@type\":\"Organization\",\"@id\":\"https:\/\/yachts-service.ee\/#organization\",\"name\":\"Yachts Service\",\"url\":\"https:\/\/yachts-service.ee\/\",\"logo\":{\"@type\":\"ImageObject\",\"inLanguage\":\"fi\",\"@id\":\"https:\/\/yachts-service.ee\/#\/schema\/logo\/image\/\",\"url\":\"https:\/\/yachts-service.ee\/wp-content\/uploads\/2017\/11\/cropped-YS-logo-text-blue.png\",\"contentUrl\":\"https:\/\/yachts-service.ee\/wp-content\/uploads\/2017\/11\/cropped-YS-logo-text-blue.png\",\"width\":512,\"height\":512,\"caption\":\"Yachts Service\"},\"image\":{\"@id\":\"https:\/\/yachts-service.ee\/#\/schema\/logo\/image\/\"},\"sameAs\":[\"https:\/\/www.facebook.com\/yachtsservice\/\"]}]}<\/script>\n<!-- \/ Yoast SEO plugin. -->","yoast_head_json":{"title":"Kotisivu - Yachts Service","robots":{"index":"index","follow":"follow","max-snippet":"max-snippet:-1","max-image-preview":"max-image-preview:large","max-video-preview":"max-video-preview:-1"},"canonical":"https:\/\/yachts-service.ee\/fi\/","og_locale":"fi_FI","og_type":"article","og_title":"Kotisivu - Yachts Service","og_description":"[vc_row css=&#8221;.vc_custom_1450677977665{margin-bottom: 0px !important;}&#8221;][vc_column offset=&#8221;vc_hidden-xs&#8221;][rev_slider_vc alias=&#8221;avaleht-fade-fin&#8221;][vc_empty_space height=&#8221;50px&#8221;][\/vc_column][\/vc_row][vc_row css=&#8221;.vc_custom_1512080676668{margin-bottom: 37px !important;}&#8221;][vc_column video_bg=&#8221;yes&#8221; video_bg_url=&#8221;https:\/\/youtu.be\/1JM_My-ADMY&#8221; width=&#8221;1\/2&#8243;][vc_single_image image=&#8221;10775&#8243; img_size=&#8221;full&#8221;][\/vc_column][vc_column width=&#8221;1\/2&#8243;][vc_custom_heading text=&#8221;YACHTS SERVICE&#8221; font_container=&#8221;tag:h2|font_size:45px|text_align:center|line_height:60px&#8221; use_theme_fonts=&#8221;yes&#8221; el_class=&#8221;base_font_color&#8221; css=&#8221;.vc_custom_1515419196015{margin-bottom: 28px !important;}&#8221;][vc_column_text] Yachts Servicella on vuosikymmenten kokemus pienalusten talvivarastoinnista ja korjaus- ja huoltot\u00f6ist\u00e4. Varastointialueet sijaitsevat Tallinnassa &#8211; Piritalla, Tallinnassa &#8211; Kakum\u00e4ell\u00e4 ja K\u00e4rdlassa &#8211; Hiidenmaalla. Nopeampaa palvelua tavoiteltaessa on K\u00e4rdlassa investoitu tekniikkaan &#8211;","og_url":"https:\/\/yachts-service.ee\/fi\/","og_site_name":"Yachts Service","article_publisher":"https:\/\/www.facebook.com\/yachtsservice\/","article_modified_time":"2022-05-20T07:07:24+00:00","twitter_card":"summary_large_image","twitter_misc":{"Arvioitu lukuaika":"2 minuuttia"},"schema":{"@context":"https:\/\/schema.org","@graph":[{"@type":"WebPage","@id":"https:\/\/yachts-service.ee\/fi\/","url":"https:\/\/yachts-service.ee\/fi\/","name":"Kotisivu - Yachts Service","isPartOf":{"@id":"https:\/\/yachts-service.ee\/#website"},"datePublished":"2018-02-10T20:28:49+00:00","dateModified":"2022-05-20T07:07:24+00:00","breadcrumb":{"@id":"https:\/\/yachts-service.ee\/fi\/#breadcrumb"},"inLanguage":"fi","potentialAction":[{"@type":"ReadAction","target":["https:\/\/yachts-service.ee\/fi\/"]}]},{"@type":"BreadcrumbList","@id":"https:\/\/yachts-service.ee\/fi\/#breadcrumb","itemListElement":[{"@type":"ListItem","position":1,"name":"Home","item":"https:\/\/yachts-service.ee\/fi\/"},{"@type":"ListItem","position":2,"name":"Kotisivu"}]},{"@type":"WebSite","@id":"https:\/\/yachts-service.ee\/#website","url":"https:\/\/yachts-service.ee\/","name":"Yachts Service","description":"","publisher":{"@id":"https:\/\/yachts-service.ee\/#organization"},"potentialAction":[{"@type":"SearchAction","target":{"@type":"EntryPoint","urlTemplate":"https:\/\/yachts-service.ee\/?s={search_term_string}"},"query-input":{"@type":"PropertyValueSpecification","valueRequired":true,"valueName":"search_term_string"}}],"inLanguage":"fi"},{"@type":"Organization","@id":"https:\/\/yachts-service.ee\/#organization","name":"Yachts Service","url":"https:\/\/yachts-service.ee\/","logo":{"@type":"ImageObject","inLanguage":"fi","@id":"https:\/\/yachts-service.ee\/#\/schema\/logo\/image\/","url":"https:\/\/yachts-service.ee\/wp-content\/uploads\/2017\/11\/cropped-YS-logo-text-blue.png","contentUrl":"https:\/\/yachts-service.ee\/wp-content\/uploads\/2017\/11\/cropped-YS-logo-text-blue.png","width":512,"height":512,"caption":"Yachts Service"},"image":{"@id":"https:\/\/yachts-service.ee\/#\/schema\/logo\/image\/"},"sameAs":["https:\/\/www.facebook.com\/yachtsservice\/"]}]}},"_links":{"self":[{"href":"https:\/\/yachts-service.ee\/fi\/wp-json\/wp\/v2\/pages\/2398","targetHints":{"allow":["GET"]}}],"collection":[{"href":"https:\/\/yachts-service.ee\/fi\/wp-json\/wp\/v2\/pages"}],"about":[{"href":"https:\/\/yachts-service.ee\/fi\/wp-json\/wp\/v2\/types\/page"}],"author":[{"embeddable":true,"href":"https:\/\/yachts-service.ee\/fi\/wp-json\/wp\/v2\/users\/2"}],"replies":[{"embeddable":true,"href":"https:\/\/yachts-service.ee\/fi\/wp-json\/wp\/v2\/comments?post=2398"}],"version-history":[{"count":16,"href":"https:\/\/yachts-service.ee\/fi\/wp-json\/wp\/v2\/pages\/2398\/revisions"}],"predecessor-version":[{"id":10779,"href":"https:\/\/yachts-service.ee\/fi\/wp-json\/wp\/v2\/pages\/2398\/revisions\/10779"}],"wp:attachment":[{"href":"https:\/\/yachts-service.ee\/fi\/wp-json\/wp\/v2\/media?parent=2398"}],"curies":[{"name":"wp","href":"https:\/\/api.w.org\/{rel}","templated":true}]}}