{"id":2403,"date":"2018-02-10T20:46:13","date_gmt":"2018-02-10T20:46:13","guid":{"rendered":"https:\/\/yachts-service.ee\/?page_id=2403"},"modified":"2022-10-10T07:11:22","modified_gmt":"2022-10-10T07:11:22","slug":"talvisailytys","status":"publish","type":"page","link":"https:\/\/yachts-service.ee\/fi\/talvisailytys\/","title":{"rendered":"Talvis\u00e4ilytys"},"content":{"rendered":"<section class=\"wpb-content-wrapper\"><p>[vc_row][vc_column][vc_column_text]<strong>Moottoriveneiden ja purjeveneiden varastointia tarjoamme Tallinnassa Piritalla ja Kakum\u00e4ell\u00e4, K\u00e4rdlassa ja Haapsalussa.<\/strong><\/p>\n<p>Piritalla, historiallisessa Tallinnan Olympiapurjehduskeskuksen satamassa tarjoamme varastointia enint\u00e4\u00e4n 50 jalan pituisille moottoriveneille ja purjeveneille 1000m2 alueella. Varastointi tapahtuu tiloissa, joiden l\u00e4mp\u00f6tila on v\u00e4hint\u00e4\u00e4n +12 C. Varastointipaketti sis\u00e4lt\u00e4\u00e4 s\u00e4ilytyksen, moottorin ja generaattorin pesun, pohjan pesun, vesij\u00e4rjestelm\u00e4n tyhjennyksen. Purjeveneill\u00e4 paketti sis\u00e4lt\u00e4\u00e4 my\u00f6s takilan irrotuksen ja tarkastuksen, purjeiden kuivattamisen ja varastoinnin. Mahdollisia lis\u00e4t\u00f6it\u00e4 suoritamme sopimuksen mukaan.<\/p>\n<p>K\u00e4rdlan 2800 neli\u00f6metrin hangaari valmistui syksyll\u00e4 2014 ja on l\u00e4hialueillaan ominaisuuksiltaan ensimm\u00e4inen, joka on suunniteltu ja rakennettu palvelemaan erityisesti veneit\u00e4. Hiidenmaalla otamme vastaan enint\u00e4\u00e4n 60 tonnin aluksia ja purjelaivoja, joiden syv\u00e4ys on enint\u00e4\u00e4n 2,6 m. Nopeamman palvelun takaamiseksi on paikalla Roodbergin 60t traileri sek\u00e4 JCB:n traktori (trailerin siirt\u00e4miseen). K\u00e4rdlan varastokompleksilla on oma pannuhuoneensa ja sen ansiosta koko varastoinnin ajan taattu tarvittava l\u00e4mp\u00f6tila. Kakum\u00e4ell\u00e4 kauden 2018 loppuun menness\u00e4 valmistuvassa uudessa kompleksissa tarjoamme talvis\u00e4ilytyst\u00e4 4300 neli\u00f6metrin l\u00e4mmitetyll\u00e4 alalla enint\u00e4\u00e4n 130 tonnin aluksille.<\/p>\n<p>L\u00e4mmitetty pukkij\u00e4rjestelm\u00e4 eroaa muista hyllyj\u00e4rjestelmiss\u00e4 varastoinnista (enint\u00e4\u00e4n 10 metrin veneille), lattialla on paikat 10-30 metrin aluksille.<br \/>\nSatamassa on k\u00e4ytett\u00e4viss\u00e4 itsekulkeva nosturi enint\u00e4\u00e4n 130-tonnisten laivojen nostamiseen ja kuljettamiseen, venenosturi enint\u00e4\u00e4n 10 metrin alusten nostamiseen ja traileri alusten kuljetukseen.<\/p>\n<p>Haapsalussa tarjoamme talvis\u00e4ilytyst\u00e4 pienemmille veneille ns. kylm\u00e4hallissa.[\/vc_column_text][vc_empty_space height=&#8221;50px&#8221;][\/vc_column][\/vc_row][vc_row css=&#8221;.vc_custom_1452509933393{margin-bottom: 41px !important;}&#8221;][vc_column][vc_tta_tabs shape=&#8221;square&#8221; spacing=&#8221;&#8221; active_section=&#8221;1&#8243; no_fill_content_area=&#8221;true&#8221; el_class=&#8221;theme_style&#8221;][vc_tta_section title=&#8221;Tallinn &#8211; Pirita&#8221; tab_id=&#8221;1452257567229-e5f623b2-41c0&#8243;][vc_row_inner css=&#8221;.vc_custom_1452504967583{margin-bottom: 33px !important;}&#8221;][vc_column_inner width=&#8221;1\/3&#8243;][stm_contacts_widget class=&#8221;overlay_3&#8243; title=&#8221;Tallinn &#8211; Pirita&#8221; address=&#8221;Purje 8<br \/>\nTallinn, Eesti&#8221; phone=&#8221;+372 565 2868&#8243; email=&#8221;marko.manni@yachts-service.ee&#8221; css=&#8221;.vc_custom_1539179769407{padding-top: 46px !important;padding-right: 50px !important;padding-bottom: 46px !important;padding-left: 50px !important;background-image: url(https:\/\/yachts-service.ee\/wp-content\/uploads\/2015\/12\/placeholder.gif?id=493) !important;}&#8221;][vc_custom_heading text=&#8221;Tiimi&#8221; font_container=&#8221;tag:h4|text_align:left&#8221; use_theme_fonts=&#8221;yes&#8221; css=&#8221;.vc_custom_1518295481030{margin-bottom: 30px !important;}&#8221;][stm_contact name=&#8221;Marko Manni&#8221; image=&#8221;1728&#8243; job=&#8221;+372 565 2868&#8243; email=&#8221;marko.manni@yachts-service.ee&#8221;][\/vc_column_inner][vc_column_inner width=&#8221;2\/3&#8243;][vc_gmaps link=&#8221;#E-8_JTNDaWZyYW1lJTIwc3JjJTNEJTIyaHR0cHMlM0ElMkYlMkZ3d3cuZ29vZ2xlLmNvbSUyRm1hcHMlMkZlbWJlZCUzRnBiJTNEJTIxMW0xOCUyMTFtMTIlMjExbTMlMjExZDIwMjYuOTg3MjQ1MjcxNTczOCUyMTJkMjQuODIzNDk1ODE2MTcxMDglMjEzZDU5LjQ2NjYzNzgwNzA0NzU1NSUyMTJtMyUyMTFmMCUyMTJmMCUyMTNmMCUyMTNtMiUyMTFpMTAyNCUyMTJpNzY4JTIxNGYxMy4xJTIxM20zJTIxMW0yJTIxMXMweDQ2OTI5MzJiZTc0YWM4OTMlMjUzQTB4OTgyNTYyNTliNjZkMmI2ZiUyMTJzWWFjaHRzJTJCU2VydmljZSUyQk8lMjVDMyUyNTlDJTIxNWUwJTIxM20yJTIxMXNldCUyMTJzZWUlMjE0djE1MTEzNTYxNzAxMjglMjIlMjB3aWR0aCUzRCUyMjYwMCUyMiUyMGhlaWdodCUzRCUyMjQ1MCUyMiUyMGZyYW1lYm9yZGVyJTNEJTIyMCUyMiUyMHN0eWxlJTNEJTIyYm9yZGVyJTNBMCUyMiUyMGFsbG93ZnVsbHNjcmVlbiUzRSUzQyUyRmlmcmFtZSUzRQ==&#8221; size=&#8221;600px&#8221;][vc_media_grid element_width=&#8221;3&#8243; gap=&#8221;10&#8243; grid_id=&#8221;vc_gid:1665385934314-6e8ff1fc-db35-7&#8243; include=&#8221;2331,2332,2333,2334&#8243;][\/vc_column_inner][\/vc_row_inner][\/vc_tta_section][vc_tta_section title=&#8221;Tallinn &#8211; Kakum\u00e4e&#8221; tab_id=&#8221;1515062113702-9cbca34e-fc64&#8243;][vc_row_inner css=&#8221;.vc_custom_1452504967583{margin-bottom: 33px !important;}&#8221;][vc_column_inner width=&#8221;1\/3&#8243;][stm_contacts_widget class=&#8221;overlay_3&#8243; title=&#8221;Tallinn &#8211; Kakum\u00e4e&#8221; address=&#8221;Lesta 16\/18<br \/>\nTallinn, Eesti&#8221; phone=&#8221;+372 565 2868&#8243; email=&#8221;marko.manni@yachts-service.ee&#8221; css=&#8221;.vc_custom_1516891793585{padding-top: 46px !important;padding-right: 50px !important;padding-bottom: 46px !important;padding-left: 50px !important;background-image: url(https:\/\/yachts-service.ee\/wp-content\/uploads\/2015\/12\/placeholder.gif?id=493) !important;}&#8221;][vc_custom_heading text=&#8221;Tiimi&#8221; font_container=&#8221;tag:h4|text_align:left&#8221; use_theme_fonts=&#8221;yes&#8221; css=&#8221;.vc_custom_1518295490802{margin-bottom: 30px !important;}&#8221;][stm_contact name=&#8221;Marko Manni&#8221; image=&#8221;1728&#8243; job=&#8221;+372 565 2868&#8243; email=&#8221;marko.manni@yachts-service.ee&#8221;][\/vc_column_inner][vc_column_inner width=&#8221;2\/3&#8243;][vc_gmaps link=&#8221;#E-8_JTNDaWZyYW1lJTIwc3JjJTNEJTIyaHR0cHMlM0ElMkYlMkZ3d3cuZ29vZ2xlLmNvbSUyRm1hcHMlMkZlbWJlZCUzRnBiJTNEJTIxMW0xOCUyMTFtMTIlMjExbTMlMjExZDIwMjcuOTY3NTQ5MzA3Njg0MyUyMTJkMjQuNTk5NDAwNjE2MTY1NjE0JTIxM2Q1OS40NTAyOTI0MDgzNTk3NjUlMjEybTMlMjExZjAlMjEyZjAlMjEzZjAlMjEzbTIlMjExaTEwMjQlMjEyaTc2OCUyMTRmMTMuMSUyMTNtMyUyMTFtMiUyMTFzMHg0NjkyOTZiYTI1YzI1NjAxJTI1M0EweGY2Yzk1ZDY1ZmQ4YjFhOGQlMjEyc0xlc3RhJTJCMTYlMjUyRjE4JTI1MkMlMkIxMzUxNiUyQlRhbGxpbm4lMjE1ZTAlMjEzbTIlMjExc2V0JTIxMnNlZSUyMTR2MTUxNjg5MTc3MDkwOCUyMiUyMHdpZHRoJTNEJTIyNjAwJTIyJTIwaGVpZ2h0JTNEJTIyNDUwJTIyJTIwZnJhbWVib3JkZXIlM0QlMjIwJTIyJTIwc3R5bGUlM0QlMjJib3JkZXIlM0EwJTIyJTIwYWxsb3dmdWxsc2NyZWVuJTNFJTNDJTJGaWZyYW1lJTNF&#8221; size=&#8221;600px&#8221;][vc_media_grid element_width=&#8221;3&#8243; gap=&#8221;10&#8243; grid_id=&#8221;vc_gid:1665385934320-944cd464-7279-2&#8243; include=&#8221;4166,4162,4158,4154,4150,4146,4142,4138&#8243;][\/vc_column_inner][\/vc_row_inner][\/vc_tta_section][vc_tta_section title=&#8221;K\u00e4rdla&#8221; tab_id=&#8221;1515062124975-69f8e222-86db&#8221;][vc_row_inner css=&#8221;.vc_custom_1452504967583{margin-bottom: 33px !important;}&#8221;][vc_column_inner width=&#8221;1\/3&#8243;][stm_contacts_widget class=&#8221;overlay_3&#8243; title=&#8221;K\u00e4rdla&#8221; address=&#8221;Sadama 30a, K\u00e4rdla&#8221; phone=&#8221;+372 521 8304&#8243; email=&#8221;marko@yachts-service.ee&#8221; css=&#8221;.vc_custom_1515062455981{padding-top: 46px !important;padding-right: 50px !important;padding-bottom: 46px !important;padding-left: 50px !important;background-image: url(https:\/\/yachts-service.ee\/wp-content\/uploads\/2015\/12\/placeholder.gif?id=493) !important;}&#8221;][vc_custom_heading text=&#8221;Tiimi&#8221; font_container=&#8221;tag:h4|text_align:left&#8221; use_theme_fonts=&#8221;yes&#8221; css=&#8221;.vc_custom_1518295500669{margin-bottom: 30px !important;}&#8221;][stm_contact name=&#8221;Marko Ollik&#8221; image=&#8221;1729&#8243; job=&#8221;+372 521 8304&#8243; email=&#8221;marko@yachts-service.ee&#8221;][\/vc_column_inner][vc_column_inner width=&#8221;2\/3&#8243;][vc_gmaps link=&#8221;#E-8_JTNDaWZyYW1lJTIwc3JjJTNEJTIyaHR0cHMlM0ElMkYlMkZ3d3cuZ29vZ2xlLmNvbSUyRm1hcHMlMkZlbWJlZCUzRnBiJTNEJTIxMW0xNCUyMTFtOCUyMTFtMyUyMTFkMjA1NC40Mzk1NDAyNTcwMzclMjEyZDIyLjc0OTEzMDUlMjEzZDU5LjAwNzg1MzglMjEzbTIlMjExaTEwMjQlMjEyaTc2OCUyMTRmMTMuMSUyMTNtMyUyMTFtMiUyMTFzMHg0NmYyYzNkOTQyMjA2MjdkJTI1M0EweDZmZWFlMTE3MTkyNDZiNjIlMjEyc1NhZGFtYSUyQjMwYSUyNTJDJTJCSyUyNUMzJTI1QTRyZGxhJTI1MkMlMkI5MjQxMSUyQkhpaXUlMkJtYWFrb25kJTIxNWUwJTIxM20yJTIxMXNldCUyMTJzZWUlMjE0djE1MTUwNjI0OTQ5NjMlMjIlMjB3aWR0aCUzRCUyMjYwMCUyMiUyMGhlaWdodCUzRCUyMjQ1MCUyMiUyMGZyYW1lYm9yZGVyJTNEJTIyMCUyMiUyMHN0eWxlJTNEJTIyYm9yZGVyJTNBMCUyMiUyMGFsbG93ZnVsbHNjcmVlbiUzRSUzQyUyRmlmcmFtZSUzRQ==&#8221; size=&#8221;600px&#8221;][vc_media_grid element_width=&#8221;3&#8243; gap=&#8221;10&#8243; grid_id=&#8221;vc_gid:1665385934336-6fcc7448-c6c8-9&#8243; include=&#8221;2224,2222,2221,2220,2219,2218,2217,2216&#8243;][\/vc_column_inner][\/vc_row_inner][\/vc_tta_section][vc_tta_section title=&#8221;Haapsalu&#8221; tab_id=&#8221;1515062151480-a58e92ac-b713&#8243;][vc_row_inner css=&#8221;.vc_custom_1452504967583{margin-bottom: 33px !important;}&#8221;][vc_column_inner width=&#8221;1\/3&#8243;][stm_contacts_widget class=&#8221;overlay_3&#8243; title=&#8221;Haapsalu&#8221; address=&#8221;Holmi 14, Haapsalu&#8221; phone=&#8221;+372 513 5419&#8243; email=&#8221;igor@yachts-service.ee&#8221; css=&#8221;.vc_custom_1515062627157{padding-top: 46px !important;padding-right: 50px !important;padding-bottom: 46px !important;padding-left: 50px !important;background-image: url(https:\/\/yachts-service.ee\/wp-content\/uploads\/2015\/12\/placeholder.gif?id=493) !important;}&#8221;][vc_custom_heading text=&#8221;Tiimi&#8221; font_container=&#8221;tag:h4|text_align:left&#8221; use_theme_fonts=&#8221;yes&#8221; css=&#8221;.vc_custom_1518295510249{margin-bottom: 30px !important;}&#8221;][stm_contact name=&#8221;Igor Vinogradov&#8221; image=&#8221;1727&#8243; job=&#8221;+372 513 5419&#8243; email=&#8221;igor@yachts-service.ee&#8221;][\/vc_column_inner][vc_column_inner width=&#8221;2\/3&#8243;][vc_gmaps link=&#8221;#E-8_JTNDaWZyYW1lJTIwc3JjJTNEJTIyaHR0cHMlM0ElMkYlMkZ3d3cuZ29vZ2xlLmNvbSUyRm1hcHMlMkZlbWJlZCUzRnBiJTNEJTIxMW0xNCUyMTFtOCUyMTFtMyUyMTFkMjA1Ny40MzA1NDE2MjcxODIzJTIxMmQyMy41MjI4ODc5JTIxM2Q1OC45NTc3MzUyJTIxM20yJTIxMWkxMDI0JTIxMmk3NjglMjE0ZjEzLjElMjEzbTMlMjExbTIlMjExczB4NDZmMmE3YmE3OWJkOTEzMyUyNTNBMHhkODVlM2I5NDdjZTY5NWVkJTIxMnNIb2xtaSUyQjE0JTI1MkMlMkJIYWFwc2FsdSUyNTJDJTJCOTA1MDIlMkJMJTI1QzMlMjVBNCUyNUMzJTI1QTRuZSUyQm1hYWtvbmQlMjE1ZTAlMjEzbTIlMjExc2V0JTIxMnNlZSUyMTR2MTUxNTA2MjU1MzY4NCUyMiUyMHdpZHRoJTNEJTIyNjAwJTIyJTIwaGVpZ2h0JTNEJTIyNDUwJTIyJTIwZnJhbWVib3JkZXIlM0QlMjIwJTIyJTIwc3R5bGUlM0QlMjJib3JkZXIlM0EwJTIyJTIwYWxsb3dmdWxsc2NyZWVuJTNFJTNDJTJGaWZyYW1lJTNF&#8221; size=&#8221;600px&#8221;][\/vc_column_inner][\/vc_row_inner][\/vc_tta_section][\/vc_tta_tabs][\/vc_column][\/vc_row][vc_row][vc_column][vc_column_text]<\/p>\n<p>&nbsp;<\/p>\n<p>[\/vc_column_text][\/vc_column][\/vc_row]<\/p>\n<\/section>","protected":false},"excerpt":{"rendered":"<p>[vc_row][vc_column][vc_column_text]Moottoriveneiden ja purjeveneiden varastointia tarjoamme Tallinnassa Piritalla ja Kakum\u00e4ell\u00e4, K\u00e4rdlassa ja Haapsalussa. Piritalla, historiallisessa Tallinnan Olympiapurjehduskeskuksen satamassa tarjoamme varastointia enint\u00e4\u00e4n 50 jalan pituisille moottoriveneille ja purjeveneille 1000m2 alueella. Varastointi tapahtuu tiloissa, joiden l\u00e4mp\u00f6tila on v\u00e4hint\u00e4\u00e4n +12 C. Varastointipaketti sis\u00e4lt\u00e4\u00e4 s\u00e4ilytyksen, moottorin ja generaattorin pesun, pohjan pesun, vesij\u00e4rjestelm\u00e4n tyhjennyksen. Purjeveneill\u00e4 paketti sis\u00e4lt\u00e4\u00e4 my\u00f6s takilan irrotuksen ja<\/p>\n","protected":false},"author":2,"featured_media":0,"parent":0,"menu_order":0,"comment_status":"closed","ping_status":"closed","template":"","meta":{"_exactmetrics_skip_tracking":false,"_exactmetrics_sitenote_active":false,"_exactmetrics_sitenote_note":"","_exactmetrics_sitenote_category":0,"footnotes":""},"class_list":["post-2403","page","type-page","status-publish","hentry"],"yoast_head":"<!-- This site is optimized with the Yoast SEO plugin v26.2 - https:\/\/yoast.com\/wordpress\/plugins\/seo\/ -->\n<title>Talvis\u00e4ilytys - Yachts Service<\/title>\n<meta name=\"robots\" content=\"index, follow, max-snippet:-1, max-image-preview:large, max-video-preview:-1\" \/>\n<link rel=\"canonical\" href=\"https:\/\/yachts-service.ee\/fi\/talvisailytys\/\" \/>\n<meta property=\"og:locale\" content=\"fi_FI\" \/>\n<meta property=\"og:type\" content=\"article\" \/>\n<meta property=\"og:title\" content=\"Talvis\u00e4ilytys - Yachts Service\" \/>\n<meta property=\"og:description\" content=\"[vc_row][vc_column][vc_column_text]Moottoriveneiden ja purjeveneiden varastointia tarjoamme Tallinnassa Piritalla ja Kakum\u00e4ell\u00e4, K\u00e4rdlassa ja Haapsalussa. Piritalla, historiallisessa Tallinnan Olympiapurjehduskeskuksen satamassa tarjoamme varastointia enint\u00e4\u00e4n 50 jalan pituisille moottoriveneille ja purjeveneille 1000m2 alueella. Varastointi tapahtuu tiloissa, joiden l\u00e4mp\u00f6tila on v\u00e4hint\u00e4\u00e4n +12 C. Varastointipaketti sis\u00e4lt\u00e4\u00e4 s\u00e4ilytyksen, moottorin ja generaattorin pesun, pohjan pesun, vesij\u00e4rjestelm\u00e4n tyhjennyksen. Purjeveneill\u00e4 paketti sis\u00e4lt\u00e4\u00e4 my\u00f6s takilan irrotuksen ja\" \/>\n<meta property=\"og:url\" content=\"https:\/\/yachts-service.ee\/fi\/talvisailytys\/\" \/>\n<meta property=\"og:site_name\" content=\"Yachts Service\" \/>\n<meta property=\"article:publisher\" content=\"https:\/\/www.facebook.com\/yachtsservice\/\" \/>\n<meta property=\"article:modified_time\" content=\"2022-10-10T07:11:22+00:00\" \/>\n<meta name=\"twitter:card\" content=\"summary_large_image\" \/>\n<meta name=\"twitter:label1\" content=\"Arvioitu lukuaika\" \/>\n\t<meta name=\"twitter:data1\" content=\"5 minuuttia\" \/>\n<script type=\"application\/ld+json\" class=\"yoast-schema-graph\">{\"@context\":\"https:\/\/schema.org\",\"@graph\":[{\"@type\":\"WebPage\",\"@id\":\"https:\/\/yachts-service.ee\/fi\/talvisailytys\/\",\"url\":\"https:\/\/yachts-service.ee\/fi\/talvisailytys\/\",\"name\":\"Talvis\u00e4ilytys - Yachts Service\",\"isPartOf\":{\"@id\":\"https:\/\/yachts-service.ee\/#website\"},\"datePublished\":\"2018-02-10T20:46:13+00:00\",\"dateModified\":\"2022-10-10T07:11:22+00:00\",\"breadcrumb\":{\"@id\":\"https:\/\/yachts-service.ee\/fi\/talvisailytys\/#breadcrumb\"},\"inLanguage\":\"fi\",\"potentialAction\":[{\"@type\":\"ReadAction\",\"target\":[\"https:\/\/yachts-service.ee\/fi\/talvisailytys\/\"]}]},{\"@type\":\"BreadcrumbList\",\"@id\":\"https:\/\/yachts-service.ee\/fi\/talvisailytys\/#breadcrumb\",\"itemListElement\":[{\"@type\":\"ListItem\",\"position\":1,\"name\":\"Home\",\"item\":\"https:\/\/yachts-service.ee\/fi\/\"},{\"@type\":\"ListItem\",\"position\":2,\"name\":\"Talvis\u00e4ilytys\"}]},{\"@type\":\"WebSite\",\"@id\":\"https:\/\/yachts-service.ee\/#website\",\"url\":\"https:\/\/yachts-service.ee\/\",\"name\":\"Yachts Service\",\"description\":\"\",\"publisher\":{\"@id\":\"https:\/\/yachts-service.ee\/#organization\"},\"potentialAction\":[{\"@type\":\"SearchAction\",\"target\":{\"@type\":\"EntryPoint\",\"urlTemplate\":\"https:\/\/yachts-service.ee\/?s={search_term_string}\"},\"query-input\":{\"@type\":\"PropertyValueSpecification\",\"valueRequired\":true,\"valueName\":\"search_term_string\"}}],\"inLanguage\":\"fi\"},{\"@type\":\"Organization\",\"@id\":\"https:\/\/yachts-service.ee\/#organization\",\"name\":\"Yachts Service\",\"url\":\"https:\/\/yachts-service.ee\/\",\"logo\":{\"@type\":\"ImageObject\",\"inLanguage\":\"fi\",\"@id\":\"https:\/\/yachts-service.ee\/#\/schema\/logo\/image\/\",\"url\":\"https:\/\/yachts-service.ee\/wp-content\/uploads\/2017\/11\/cropped-YS-logo-text-blue.png\",\"contentUrl\":\"https:\/\/yachts-service.ee\/wp-content\/uploads\/2017\/11\/cropped-YS-logo-text-blue.png\",\"width\":512,\"height\":512,\"caption\":\"Yachts Service\"},\"image\":{\"@id\":\"https:\/\/yachts-service.ee\/#\/schema\/logo\/image\/\"},\"sameAs\":[\"https:\/\/www.facebook.com\/yachtsservice\/\"]}]}<\/script>\n<!-- \/ Yoast SEO plugin. -->","yoast_head_json":{"title":"Talvis\u00e4ilytys - Yachts Service","robots":{"index":"index","follow":"follow","max-snippet":"max-snippet:-1","max-image-preview":"max-image-preview:large","max-video-preview":"max-video-preview:-1"},"canonical":"https:\/\/yachts-service.ee\/fi\/talvisailytys\/","og_locale":"fi_FI","og_type":"article","og_title":"Talvis\u00e4ilytys - Yachts Service","og_description":"[vc_row][vc_column][vc_column_text]Moottoriveneiden ja purjeveneiden varastointia tarjoamme Tallinnassa Piritalla ja Kakum\u00e4ell\u00e4, K\u00e4rdlassa ja Haapsalussa. Piritalla, historiallisessa Tallinnan Olympiapurjehduskeskuksen satamassa tarjoamme varastointia enint\u00e4\u00e4n 50 jalan pituisille moottoriveneille ja purjeveneille 1000m2 alueella. Varastointi tapahtuu tiloissa, joiden l\u00e4mp\u00f6tila on v\u00e4hint\u00e4\u00e4n +12 C. Varastointipaketti sis\u00e4lt\u00e4\u00e4 s\u00e4ilytyksen, moottorin ja generaattorin pesun, pohjan pesun, vesij\u00e4rjestelm\u00e4n tyhjennyksen. Purjeveneill\u00e4 paketti sis\u00e4lt\u00e4\u00e4 my\u00f6s takilan irrotuksen ja","og_url":"https:\/\/yachts-service.ee\/fi\/talvisailytys\/","og_site_name":"Yachts Service","article_publisher":"https:\/\/www.facebook.com\/yachtsservice\/","article_modified_time":"2022-10-10T07:11:22+00:00","twitter_card":"summary_large_image","twitter_misc":{"Arvioitu lukuaika":"5 minuuttia"},"schema":{"@context":"https:\/\/schema.org","@graph":[{"@type":"WebPage","@id":"https:\/\/yachts-service.ee\/fi\/talvisailytys\/","url":"https:\/\/yachts-service.ee\/fi\/talvisailytys\/","name":"Talvis\u00e4ilytys - Yachts Service","isPartOf":{"@id":"https:\/\/yachts-service.ee\/#website"},"datePublished":"2018-02-10T20:46:13+00:00","dateModified":"2022-10-10T07:11:22+00:00","breadcrumb":{"@id":"https:\/\/yachts-service.ee\/fi\/talvisailytys\/#breadcrumb"},"inLanguage":"fi","potentialAction":[{"@type":"ReadAction","target":["https:\/\/yachts-service.ee\/fi\/talvisailytys\/"]}]},{"@type":"BreadcrumbList","@id":"https:\/\/yachts-service.ee\/fi\/talvisailytys\/#breadcrumb","itemListElement":[{"@type":"ListItem","position":1,"name":"Home","item":"https:\/\/yachts-service.ee\/fi\/"},{"@type":"ListItem","position":2,"name":"Talvis\u00e4ilytys"}]},{"@type":"WebSite","@id":"https:\/\/yachts-service.ee\/#website","url":"https:\/\/yachts-service.ee\/","name":"Yachts Service","description":"","publisher":{"@id":"https:\/\/yachts-service.ee\/#organization"},"potentialAction":[{"@type":"SearchAction","target":{"@type":"EntryPoint","urlTemplate":"https:\/\/yachts-service.ee\/?s={search_term_string}"},"query-input":{"@type":"PropertyValueSpecification","valueRequired":true,"valueName":"search_term_string"}}],"inLanguage":"fi"},{"@type":"Organization","@id":"https:\/\/yachts-service.ee\/#organization","name":"Yachts Service","url":"https:\/\/yachts-service.ee\/","logo":{"@type":"ImageObject","inLanguage":"fi","@id":"https:\/\/yachts-service.ee\/#\/schema\/logo\/image\/","url":"https:\/\/yachts-service.ee\/wp-content\/uploads\/2017\/11\/cropped-YS-logo-text-blue.png","contentUrl":"https:\/\/yachts-service.ee\/wp-content\/uploads\/2017\/11\/cropped-YS-logo-text-blue.png","width":512,"height":512,"caption":"Yachts Service"},"image":{"@id":"https:\/\/yachts-service.ee\/#\/schema\/logo\/image\/"},"sameAs":["https:\/\/www.facebook.com\/yachtsservice\/"]}]}},"_links":{"self":[{"href":"https:\/\/yachts-service.ee\/fi\/wp-json\/wp\/v2\/pages\/2403","targetHints":{"allow":["GET"]}}],"collection":[{"href":"https:\/\/yachts-service.ee\/fi\/wp-json\/wp\/v2\/pages"}],"about":[{"href":"https:\/\/yachts-service.ee\/fi\/wp-json\/wp\/v2\/types\/page"}],"author":[{"embeddable":true,"href":"https:\/\/yachts-service.ee\/fi\/wp-json\/wp\/v2\/users\/2"}],"replies":[{"embeddable":true,"href":"https:\/\/yachts-service.ee\/fi\/wp-json\/wp\/v2\/comments?post=2403"}],"version-history":[{"count":5,"href":"https:\/\/yachts-service.ee\/fi\/wp-json\/wp\/v2\/pages\/2403\/revisions"}],"predecessor-version":[{"id":10799,"href":"https:\/\/yachts-service.ee\/fi\/wp-json\/wp\/v2\/pages\/2403\/revisions\/10799"}],"wp:attachment":[{"href":"https:\/\/yachts-service.ee\/fi\/wp-json\/wp\/v2\/media?parent=2403"}],"curies":[{"name":"wp","href":"https:\/\/api.w.org\/{rel}","templated":true}]}}