{"id":2405,"date":"2018-02-10T20:49:48","date_gmt":"2018-02-10T20:49:48","guid":{"rendered":"https:\/\/yachts-service.ee\/?page_id=2405"},"modified":"2022-10-10T07:13:01","modified_gmt":"2022-10-10T07:13:01","slug":"volvo-penta-service","status":"publish","type":"page","link":"https:\/\/yachts-service.ee\/fi\/volvo-penta-service\/","title":{"rendered":"Volvo Penta Service"},"content":{"rendered":"<section class=\"wpb-content-wrapper\"><p>[vc_row][vc_column width=&#8221;1\/2&#8243;][vc_custom_heading source=&#8221;post_title&#8221; use_theme_fonts=&#8221;yes&#8221;][vc_column_text css=&#8221;.vc_custom_1518295707934{margin-bottom: 25px !important;}&#8221;]Yachts Service O\u00dc on Volvo Pentan virallisesti hyv\u00e4ksytty edustaja<br \/>\nTeemme kaikkia Volvo Pentan huolto- ja korjaust\u00f6it\u00e4, my\u00f6s takuut\u00f6it\u00e4.<br \/>\nTeemme moottoridiagnostiikkaa. Paikan p\u00e4\u00e4ll\u00e4 on varaosavarasto.[\/vc_column_text][vc_empty_space][\/vc_column][vc_column width=&#8221;1\/2&#8243;][vc_single_image image=&#8221;2158&#8243; img_size=&#8221;stm-image-1110&#215;550-croped&#8221; css=&#8221;.vc_custom_1518295754104{margin-bottom: 45px !important;}&#8221;][vc_single_image image=&#8221;2157&#8243; img_size=&#8221;stm-image-1110&#215;550-croped&#8221; css=&#8221;.vc_custom_1516622026277{margin-bottom: 45px !important;}&#8221;][\/vc_column][\/vc_row][vc_row][vc_column][vc_media_grid element_width=&#8221;2&#8243; grid_id=&#8221;vc_gid:1665386033411-d21076d2-bc11-6&#8243; include=&#8221;2532,2531,2530,2529,2528,2527,2526,2525,2524,2523,2522,2521&#8243;][\/vc_column][\/vc_row]<\/p>\n<\/section>","protected":false},"excerpt":{"rendered":"<p>[vc_row][vc_column width=&#8221;1\/2&#8243;][vc_custom_heading source=&#8221;post_title&#8221; use_theme_fonts=&#8221;yes&#8221;][vc_column_text css=&#8221;.vc_custom_1518295707934{margin-bottom: 25px !important;}&#8221;]Yachts Service O\u00dc on Volvo Pentan virallisesti hyv\u00e4ksytty edustaja Teemme kaikkia Volvo Pentan huolto- ja korjaust\u00f6it\u00e4, my\u00f6s takuut\u00f6it\u00e4. Teemme moottoridiagnostiikkaa. Paikan p\u00e4\u00e4ll\u00e4 on varaosavarasto.[\/vc_column_text][vc_empty_space][\/vc_column][vc_column width=&#8221;1\/2&#8243;][vc_single_image image=&#8221;2158&#8243; img_size=&#8221;stm-image-1110&#215;550-croped&#8221; css=&#8221;.vc_custom_1518295754104{margin-bottom: 45px !important;}&#8221;][vc_single_image image=&#8221;2157&#8243; img_size=&#8221;stm-image-1110&#215;550-croped&#8221; css=&#8221;.vc_custom_1516622026277{margin-bottom: 45px !important;}&#8221;][\/vc_column][\/vc_row][vc_row][vc_column][vc_media_grid element_width=&#8221;2&#8243; grid_id=&#8221;vc_gid:1665386033411-d21076d2-bc11-6&#8243; include=&#8221;2532,2531,2530,2529,2528,2527,2526,2525,2524,2523,2522,2521&#8243;][\/vc_column][\/vc_row]<\/p>\n","protected":false},"author":2,"featured_media":0,"parent":0,"menu_order":0,"comment_status":"closed","ping_status":"closed","template":"","meta":{"_exactmetrics_skip_tracking":false,"_exactmetrics_sitenote_active":false,"_exactmetrics_sitenote_note":"","_exactmetrics_sitenote_category":0,"footnotes":""},"class_list":["post-2405","page","type-page","status-publish","hentry"],"yoast_head":"<!-- This site is optimized with the Yoast SEO plugin v26.2 - https:\/\/yoast.com\/wordpress\/plugins\/seo\/ -->\n<title>Volvo Penta Service - Yachts Service<\/title>\n<meta name=\"robots\" content=\"index, follow, max-snippet:-1, max-image-preview:large, max-video-preview:-1\" \/>\n<link rel=\"canonical\" href=\"https:\/\/yachts-service.ee\/fi\/volvo-penta-service\/\" \/>\n<meta property=\"og:locale\" content=\"fi_FI\" \/>\n<meta property=\"og:type\" content=\"article\" \/>\n<meta property=\"og:title\" content=\"Volvo Penta Service - Yachts Service\" \/>\n<meta property=\"og:description\" content=\"[vc_row][vc_column width=&#8221;1\/2&#8243;][vc_custom_heading source=&#8221;post_title&#8221; use_theme_fonts=&#8221;yes&#8221;][vc_column_text css=&#8221;.vc_custom_1518295707934{margin-bottom: 25px !important;}&#8221;]Yachts Service O\u00dc on Volvo Pentan virallisesti hyv\u00e4ksytty edustaja Teemme kaikkia Volvo Pentan huolto- ja korjaust\u00f6it\u00e4, my\u00f6s takuut\u00f6it\u00e4. Teemme moottoridiagnostiikkaa. Paikan p\u00e4\u00e4ll\u00e4 on varaosavarasto.[\/vc_column_text][vc_empty_space][\/vc_column][vc_column width=&#8221;1\/2&#8243;][vc_single_image image=&#8221;2158&#8243; img_size=&#8221;stm-image-1110&#215;550-croped&#8221; css=&#8221;.vc_custom_1518295754104{margin-bottom: 45px !important;}&#8221;][vc_single_image image=&#8221;2157&#8243; img_size=&#8221;stm-image-1110&#215;550-croped&#8221; css=&#8221;.vc_custom_1516622026277{margin-bottom: 45px !important;}&#8221;][\/vc_column][\/vc_row][vc_row][vc_column][vc_media_grid element_width=&#8221;2&#8243; grid_id=&#8221;vc_gid:1665386033411-d21076d2-bc11-6&#8243; include=&#8221;2532,2531,2530,2529,2528,2527,2526,2525,2524,2523,2522,2521&#8243;][\/vc_column][\/vc_row]\" \/>\n<meta property=\"og:url\" content=\"https:\/\/yachts-service.ee\/fi\/volvo-penta-service\/\" \/>\n<meta property=\"og:site_name\" content=\"Yachts Service\" \/>\n<meta property=\"article:publisher\" content=\"https:\/\/www.facebook.com\/yachtsservice\/\" \/>\n<meta property=\"article:modified_time\" content=\"2022-10-10T07:13:01+00:00\" \/>\n<meta name=\"twitter:card\" content=\"summary_large_image\" \/>\n<meta name=\"twitter:label1\" content=\"Arvioitu lukuaika\" \/>\n\t<meta name=\"twitter:data1\" content=\"1 minuutti\" \/>\n<script type=\"application\/ld+json\" class=\"yoast-schema-graph\">{\"@context\":\"https:\/\/schema.org\",\"@graph\":[{\"@type\":\"WebPage\",\"@id\":\"https:\/\/yachts-service.ee\/fi\/volvo-penta-service\/\",\"url\":\"https:\/\/yachts-service.ee\/fi\/volvo-penta-service\/\",\"name\":\"Volvo Penta Service - Yachts Service\",\"isPartOf\":{\"@id\":\"https:\/\/yachts-service.ee\/#website\"},\"datePublished\":\"2018-02-10T20:49:48+00:00\",\"dateModified\":\"2022-10-10T07:13:01+00:00\",\"breadcrumb\":{\"@id\":\"https:\/\/yachts-service.ee\/fi\/volvo-penta-service\/#breadcrumb\"},\"inLanguage\":\"fi\",\"potentialAction\":[{\"@type\":\"ReadAction\",\"target\":[\"https:\/\/yachts-service.ee\/fi\/volvo-penta-service\/\"]}]},{\"@type\":\"BreadcrumbList\",\"@id\":\"https:\/\/yachts-service.ee\/fi\/volvo-penta-service\/#breadcrumb\",\"itemListElement\":[{\"@type\":\"ListItem\",\"position\":1,\"name\":\"Home\",\"item\":\"https:\/\/yachts-service.ee\/fi\/\"},{\"@type\":\"ListItem\",\"position\":2,\"name\":\"Volvo Penta Service\"}]},{\"@type\":\"WebSite\",\"@id\":\"https:\/\/yachts-service.ee\/#website\",\"url\":\"https:\/\/yachts-service.ee\/\",\"name\":\"Yachts Service\",\"description\":\"\",\"publisher\":{\"@id\":\"https:\/\/yachts-service.ee\/#organization\"},\"potentialAction\":[{\"@type\":\"SearchAction\",\"target\":{\"@type\":\"EntryPoint\",\"urlTemplate\":\"https:\/\/yachts-service.ee\/?s={search_term_string}\"},\"query-input\":{\"@type\":\"PropertyValueSpecification\",\"valueRequired\":true,\"valueName\":\"search_term_string\"}}],\"inLanguage\":\"fi\"},{\"@type\":\"Organization\",\"@id\":\"https:\/\/yachts-service.ee\/#organization\",\"name\":\"Yachts Service\",\"url\":\"https:\/\/yachts-service.ee\/\",\"logo\":{\"@type\":\"ImageObject\",\"inLanguage\":\"fi\",\"@id\":\"https:\/\/yachts-service.ee\/#\/schema\/logo\/image\/\",\"url\":\"https:\/\/yachts-service.ee\/wp-content\/uploads\/2017\/11\/cropped-YS-logo-text-blue.png\",\"contentUrl\":\"https:\/\/yachts-service.ee\/wp-content\/uploads\/2017\/11\/cropped-YS-logo-text-blue.png\",\"width\":512,\"height\":512,\"caption\":\"Yachts Service\"},\"image\":{\"@id\":\"https:\/\/yachts-service.ee\/#\/schema\/logo\/image\/\"},\"sameAs\":[\"https:\/\/www.facebook.com\/yachtsservice\/\"]}]}<\/script>\n<!-- \/ Yoast SEO plugin. -->","yoast_head_json":{"title":"Volvo Penta Service - Yachts Service","robots":{"index":"index","follow":"follow","max-snippet":"max-snippet:-1","max-image-preview":"max-image-preview:large","max-video-preview":"max-video-preview:-1"},"canonical":"https:\/\/yachts-service.ee\/fi\/volvo-penta-service\/","og_locale":"fi_FI","og_type":"article","og_title":"Volvo Penta Service - Yachts Service","og_description":"[vc_row][vc_column width=&#8221;1\/2&#8243;][vc_custom_heading source=&#8221;post_title&#8221; use_theme_fonts=&#8221;yes&#8221;][vc_column_text css=&#8221;.vc_custom_1518295707934{margin-bottom: 25px !important;}&#8221;]Yachts Service O\u00dc on Volvo Pentan virallisesti hyv\u00e4ksytty edustaja Teemme kaikkia Volvo Pentan huolto- ja korjaust\u00f6it\u00e4, my\u00f6s takuut\u00f6it\u00e4. Teemme moottoridiagnostiikkaa. Paikan p\u00e4\u00e4ll\u00e4 on varaosavarasto.[\/vc_column_text][vc_empty_space][\/vc_column][vc_column width=&#8221;1\/2&#8243;][vc_single_image image=&#8221;2158&#8243; img_size=&#8221;stm-image-1110&#215;550-croped&#8221; css=&#8221;.vc_custom_1518295754104{margin-bottom: 45px !important;}&#8221;][vc_single_image image=&#8221;2157&#8243; img_size=&#8221;stm-image-1110&#215;550-croped&#8221; css=&#8221;.vc_custom_1516622026277{margin-bottom: 45px !important;}&#8221;][\/vc_column][\/vc_row][vc_row][vc_column][vc_media_grid element_width=&#8221;2&#8243; grid_id=&#8221;vc_gid:1665386033411-d21076d2-bc11-6&#8243; include=&#8221;2532,2531,2530,2529,2528,2527,2526,2525,2524,2523,2522,2521&#8243;][\/vc_column][\/vc_row]","og_url":"https:\/\/yachts-service.ee\/fi\/volvo-penta-service\/","og_site_name":"Yachts Service","article_publisher":"https:\/\/www.facebook.com\/yachtsservice\/","article_modified_time":"2022-10-10T07:13:01+00:00","twitter_card":"summary_large_image","twitter_misc":{"Arvioitu lukuaika":"1 minuutti"},"schema":{"@context":"https:\/\/schema.org","@graph":[{"@type":"WebPage","@id":"https:\/\/yachts-service.ee\/fi\/volvo-penta-service\/","url":"https:\/\/yachts-service.ee\/fi\/volvo-penta-service\/","name":"Volvo Penta Service - Yachts Service","isPartOf":{"@id":"https:\/\/yachts-service.ee\/#website"},"datePublished":"2018-02-10T20:49:48+00:00","dateModified":"2022-10-10T07:13:01+00:00","breadcrumb":{"@id":"https:\/\/yachts-service.ee\/fi\/volvo-penta-service\/#breadcrumb"},"inLanguage":"fi","potentialAction":[{"@type":"ReadAction","target":["https:\/\/yachts-service.ee\/fi\/volvo-penta-service\/"]}]},{"@type":"BreadcrumbList","@id":"https:\/\/yachts-service.ee\/fi\/volvo-penta-service\/#breadcrumb","itemListElement":[{"@type":"ListItem","position":1,"name":"Home","item":"https:\/\/yachts-service.ee\/fi\/"},{"@type":"ListItem","position":2,"name":"Volvo Penta Service"}]},{"@type":"WebSite","@id":"https:\/\/yachts-service.ee\/#website","url":"https:\/\/yachts-service.ee\/","name":"Yachts Service","description":"","publisher":{"@id":"https:\/\/yachts-service.ee\/#organization"},"potentialAction":[{"@type":"SearchAction","target":{"@type":"EntryPoint","urlTemplate":"https:\/\/yachts-service.ee\/?s={search_term_string}"},"query-input":{"@type":"PropertyValueSpecification","valueRequired":true,"valueName":"search_term_string"}}],"inLanguage":"fi"},{"@type":"Organization","@id":"https:\/\/yachts-service.ee\/#organization","name":"Yachts Service","url":"https:\/\/yachts-service.ee\/","logo":{"@type":"ImageObject","inLanguage":"fi","@id":"https:\/\/yachts-service.ee\/#\/schema\/logo\/image\/","url":"https:\/\/yachts-service.ee\/wp-content\/uploads\/2017\/11\/cropped-YS-logo-text-blue.png","contentUrl":"https:\/\/yachts-service.ee\/wp-content\/uploads\/2017\/11\/cropped-YS-logo-text-blue.png","width":512,"height":512,"caption":"Yachts Service"},"image":{"@id":"https:\/\/yachts-service.ee\/#\/schema\/logo\/image\/"},"sameAs":["https:\/\/www.facebook.com\/yachtsservice\/"]}]}},"_links":{"self":[{"href":"https:\/\/yachts-service.ee\/fi\/wp-json\/wp\/v2\/pages\/2405","targetHints":{"allow":["GET"]}}],"collection":[{"href":"https:\/\/yachts-service.ee\/fi\/wp-json\/wp\/v2\/pages"}],"about":[{"href":"https:\/\/yachts-service.ee\/fi\/wp-json\/wp\/v2\/types\/page"}],"author":[{"embeddable":true,"href":"https:\/\/yachts-service.ee\/fi\/wp-json\/wp\/v2\/users\/2"}],"replies":[{"embeddable":true,"href":"https:\/\/yachts-service.ee\/fi\/wp-json\/wp\/v2\/comments?post=2405"}],"version-history":[{"count":5,"href":"https:\/\/yachts-service.ee\/fi\/wp-json\/wp\/v2\/pages\/2405\/revisions"}],"predecessor-version":[{"id":10804,"href":"https:\/\/yachts-service.ee\/fi\/wp-json\/wp\/v2\/pages\/2405\/revisions\/10804"}],"wp:attachment":[{"href":"https:\/\/yachts-service.ee\/fi\/wp-json\/wp\/v2\/media?parent=2405"}],"curies":[{"name":"wp","href":"https:\/\/api.w.org\/{rel}","templated":true}]}}