{"id":2415,"date":"2018-02-10T21:05:43","date_gmt":"2018-02-10T21:05:43","guid":{"rendered":"https:\/\/yachts-service.ee\/?page_id=2415"},"modified":"2018-03-09T09:38:41","modified_gmt":"2018-03-09T09:38:41","slug":"yrityksesta","status":"publish","type":"page","link":"https:\/\/yachts-service.ee\/fi\/yrityksesta\/","title":{"rendered":"Yrityksest\u00e4"},"content":{"rendered":"<section class=\"wpb-content-wrapper\"><p>[vc_row][vc_column][vc_column_text css=&#8221;.vc_custom_1518296603269{margin-top: 40px !important;}&#8221;]Yachts Servicella on vuosikymmenten kokemus pienalusten talvivarastoinnista ja korjaus- ja huoltot\u00f6ist\u00e4. Varastointialueet sijaitsevat Tallinnassa &#8211; Piritalla, Tallinnassa &#8211; Kakum\u00e4ell\u00e4 ja K\u00e4rdlassa &#8211; Hiidenmaalla. Nopeampaa palvelua tavoiteltaessa on K\u00e4rdlassa investoitu tekniikkaan &#8211; paikan p\u00e4\u00e4ll\u00e4 on Roodbergin 60T traileri ja JCB traktori (trailerin siirt\u00e4miseen). Palvelemme vuosittain tiloissamme ja vesillelaskurampeillamme noin 100 suurempaa ja pienemp\u00e4\u00e4 alusta.<br \/>\nL\u00e4hes puolet yrityksen asiakkaista on Virosta, noin 40 % Suomesta ja 10 % Ven\u00e4j\u00e4lt\u00e4. Yrityksell\u00e4 on Volvo Penta moottorien virallinen huolto-oikeus ja se on tanskalaisen X-Yachts A\/S:n ja saksalaisen Dehler Yachtsin hyv\u00e4ksym\u00e4 huolto- ja korjauskumppani, my\u00f6s takuut\u00f6iden osalta.[\/vc_column_text][vc_empty_space height=&#8221;70px&#8221;][\/vc_column][\/vc_row][vc_row][vc_column width=&#8221;1\/2&#8243;][vc_custom_heading text=&#8221;Visio&#8221; font_container=&#8221;tag:h4|text_align:left|color:%23222222&#8243; use_theme_fonts=&#8221;yes&#8221; css=&#8221;.vc_custom_1520588319004{margin-bottom: 15px !important;}&#8221; el_class=&#8221;no_stripe&#8221;][vc_column_text]Yrityksell\u00e4 on alusta asti ollut tavoitteena kehitt\u00e4\u00e4 parasta palvelua &#8211; sit\u00e4 varten olemme investoineet uusien rakennusten rakentamiseen, laadukkaaseen tekniikkaan, ty\u00f6ntekij\u00f6iden kehitt\u00e4miseen. Olemalla keskittynyt palveluiden tarjoamiseen, kuten alusten s\u00e4ilytykseen ja kaikkiin siihen liittyviin palveluihin, olemme saavuttaneet vahvan perustan ja tiimin kehitt\u00e4m\u00e4\u00e4n edelleen veneiden myyntikentt\u00e4\u00e4. Myynnin edist\u00e4misen suurin etu on mahdollisuus hy\u00f6dynt\u00e4\u00e4 olemassa olevia keskuksia ja huomattavaa kanta-asiakaskuntaa. Vuodeksi 2018 on valmistumassa uusi, moderni Kakum\u00e4en satama, jossa on tarvittava infrastruktuuri, pinta-alaa 4500 m2 ja nostovoimaa jopa 120T.<\/p>\n<p>Kakum\u00e4en satama ja YS ovat solmineet yhteisty\u00f6sopimuksen, jossa YS j\u00e4rjest\u00e4\u00e4 kaikki tarvittavat palvelut ja auttaa l\u00f6yt\u00e4m\u00e4\u00e4n asiakkaita talvis\u00e4ilytykseen, mik\u00e4 palvelisi talon omistajaa. Kakum\u00e4en projektin puitteissa YS avaa uuden toimiston ja myym\u00e4l\u00e4n, jossa voi vastaanottaa asiakkaita ja tarjota omia tuotteitaan ja palveluitaan.[\/vc_column_text][\/vc_column][vc_column width=&#8221;1\/2&#8243;][vc_custom_heading text=&#8221;Miten toimimme&#8221; font_container=&#8221;tag:h4|text_align:left|color:%23222222&#8243; use_theme_fonts=&#8221;yes&#8221; css=&#8221;.vc_custom_1518296702466{margin-bottom: 28px !important;}&#8221; el_class=&#8221;no_stripe&#8221;][vc_gallery images=&#8221;1782,1783,1779,1751,1761,1749,1506,1511,1389,1390,1391,1384&#8243;][\/vc_column][\/vc_row]<\/p>\n<\/section>","protected":false},"excerpt":{"rendered":"<p>[vc_row][vc_column][vc_column_text css=&#8221;.vc_custom_1518296603269{margin-top: 40px !important;}&#8221;]Yachts Servicella on vuosikymmenten kokemus pienalusten talvivarastoinnista ja korjaus- ja huoltot\u00f6ist\u00e4. Varastointialueet sijaitsevat Tallinnassa &#8211; Piritalla, Tallinnassa &#8211; Kakum\u00e4ell\u00e4 ja K\u00e4rdlassa &#8211; Hiidenmaalla. Nopeampaa palvelua tavoiteltaessa on K\u00e4rdlassa investoitu tekniikkaan &#8211; paikan p\u00e4\u00e4ll\u00e4 on Roodbergin 60T traileri ja JCB traktori (trailerin siirt\u00e4miseen). Palvelemme vuosittain tiloissamme ja vesillelaskurampeillamme noin 100 suurempaa ja pienemp\u00e4\u00e4<\/p>\n","protected":false},"author":2,"featured_media":0,"parent":0,"menu_order":0,"comment_status":"closed","ping_status":"closed","template":"","meta":{"_exactmetrics_skip_tracking":false,"_exactmetrics_sitenote_active":false,"_exactmetrics_sitenote_note":"","_exactmetrics_sitenote_category":0,"footnotes":""},"class_list":["post-2415","page","type-page","status-publish","hentry"],"yoast_head":"<!-- This site is optimized with the Yoast SEO plugin v26.2 - https:\/\/yoast.com\/wordpress\/plugins\/seo\/ -->\n<title>Yrityksest\u00e4 - Yachts Service<\/title>\n<meta name=\"robots\" content=\"index, follow, max-snippet:-1, max-image-preview:large, max-video-preview:-1\" \/>\n<link rel=\"canonical\" href=\"https:\/\/yachts-service.ee\/fi\/yrityksesta\/\" \/>\n<meta property=\"og:locale\" content=\"fi_FI\" \/>\n<meta property=\"og:type\" content=\"article\" \/>\n<meta property=\"og:title\" content=\"Yrityksest\u00e4 - Yachts Service\" \/>\n<meta property=\"og:description\" content=\"[vc_row][vc_column][vc_column_text css=&#8221;.vc_custom_1518296603269{margin-top: 40px !important;}&#8221;]Yachts Servicella on vuosikymmenten kokemus pienalusten talvivarastoinnista ja korjaus- ja huoltot\u00f6ist\u00e4. Varastointialueet sijaitsevat Tallinnassa &#8211; Piritalla, Tallinnassa &#8211; Kakum\u00e4ell\u00e4 ja K\u00e4rdlassa &#8211; Hiidenmaalla. Nopeampaa palvelua tavoiteltaessa on K\u00e4rdlassa investoitu tekniikkaan &#8211; paikan p\u00e4\u00e4ll\u00e4 on Roodbergin 60T traileri ja JCB traktori (trailerin siirt\u00e4miseen). Palvelemme vuosittain tiloissamme ja vesillelaskurampeillamme noin 100 suurempaa ja pienemp\u00e4\u00e4\" \/>\n<meta property=\"og:url\" content=\"https:\/\/yachts-service.ee\/fi\/yrityksesta\/\" \/>\n<meta property=\"og:site_name\" content=\"Yachts Service\" \/>\n<meta property=\"article:publisher\" content=\"https:\/\/www.facebook.com\/yachtsservice\/\" \/>\n<meta property=\"article:modified_time\" content=\"2018-03-09T09:38:41+00:00\" \/>\n<meta name=\"twitter:card\" content=\"summary_large_image\" \/>\n<meta name=\"twitter:label1\" content=\"Arvioitu lukuaika\" \/>\n\t<meta name=\"twitter:data1\" content=\"2 minuuttia\" \/>\n<script type=\"application\/ld+json\" class=\"yoast-schema-graph\">{\"@context\":\"https:\/\/schema.org\",\"@graph\":[{\"@type\":\"WebPage\",\"@id\":\"https:\/\/yachts-service.ee\/fi\/yrityksesta\/\",\"url\":\"https:\/\/yachts-service.ee\/fi\/yrityksesta\/\",\"name\":\"Yrityksest\u00e4 - Yachts Service\",\"isPartOf\":{\"@id\":\"https:\/\/yachts-service.ee\/#website\"},\"datePublished\":\"2018-02-10T21:05:43+00:00\",\"dateModified\":\"2018-03-09T09:38:41+00:00\",\"breadcrumb\":{\"@id\":\"https:\/\/yachts-service.ee\/fi\/yrityksesta\/#breadcrumb\"},\"inLanguage\":\"fi\",\"potentialAction\":[{\"@type\":\"ReadAction\",\"target\":[\"https:\/\/yachts-service.ee\/fi\/yrityksesta\/\"]}]},{\"@type\":\"BreadcrumbList\",\"@id\":\"https:\/\/yachts-service.ee\/fi\/yrityksesta\/#breadcrumb\",\"itemListElement\":[{\"@type\":\"ListItem\",\"position\":1,\"name\":\"Home\",\"item\":\"https:\/\/yachts-service.ee\/fi\/\"},{\"@type\":\"ListItem\",\"position\":2,\"name\":\"Yrityksest\u00e4\"}]},{\"@type\":\"WebSite\",\"@id\":\"https:\/\/yachts-service.ee\/#website\",\"url\":\"https:\/\/yachts-service.ee\/\",\"name\":\"Yachts Service\",\"description\":\"\",\"publisher\":{\"@id\":\"https:\/\/yachts-service.ee\/#organization\"},\"potentialAction\":[{\"@type\":\"SearchAction\",\"target\":{\"@type\":\"EntryPoint\",\"urlTemplate\":\"https:\/\/yachts-service.ee\/?s={search_term_string}\"},\"query-input\":{\"@type\":\"PropertyValueSpecification\",\"valueRequired\":true,\"valueName\":\"search_term_string\"}}],\"inLanguage\":\"fi\"},{\"@type\":\"Organization\",\"@id\":\"https:\/\/yachts-service.ee\/#organization\",\"name\":\"Yachts Service\",\"url\":\"https:\/\/yachts-service.ee\/\",\"logo\":{\"@type\":\"ImageObject\",\"inLanguage\":\"fi\",\"@id\":\"https:\/\/yachts-service.ee\/#\/schema\/logo\/image\/\",\"url\":\"https:\/\/yachts-service.ee\/wp-content\/uploads\/2017\/11\/cropped-YS-logo-text-blue.png\",\"contentUrl\":\"https:\/\/yachts-service.ee\/wp-content\/uploads\/2017\/11\/cropped-YS-logo-text-blue.png\",\"width\":512,\"height\":512,\"caption\":\"Yachts Service\"},\"image\":{\"@id\":\"https:\/\/yachts-service.ee\/#\/schema\/logo\/image\/\"},\"sameAs\":[\"https:\/\/www.facebook.com\/yachtsservice\/\"]}]}<\/script>\n<!-- \/ Yoast SEO plugin. -->","yoast_head_json":{"title":"Yrityksest\u00e4 - Yachts Service","robots":{"index":"index","follow":"follow","max-snippet":"max-snippet:-1","max-image-preview":"max-image-preview:large","max-video-preview":"max-video-preview:-1"},"canonical":"https:\/\/yachts-service.ee\/fi\/yrityksesta\/","og_locale":"fi_FI","og_type":"article","og_title":"Yrityksest\u00e4 - Yachts Service","og_description":"[vc_row][vc_column][vc_column_text css=&#8221;.vc_custom_1518296603269{margin-top: 40px !important;}&#8221;]Yachts Servicella on vuosikymmenten kokemus pienalusten talvivarastoinnista ja korjaus- ja huoltot\u00f6ist\u00e4. Varastointialueet sijaitsevat Tallinnassa &#8211; Piritalla, Tallinnassa &#8211; Kakum\u00e4ell\u00e4 ja K\u00e4rdlassa &#8211; Hiidenmaalla. Nopeampaa palvelua tavoiteltaessa on K\u00e4rdlassa investoitu tekniikkaan &#8211; paikan p\u00e4\u00e4ll\u00e4 on Roodbergin 60T traileri ja JCB traktori (trailerin siirt\u00e4miseen). Palvelemme vuosittain tiloissamme ja vesillelaskurampeillamme noin 100 suurempaa ja pienemp\u00e4\u00e4","og_url":"https:\/\/yachts-service.ee\/fi\/yrityksesta\/","og_site_name":"Yachts Service","article_publisher":"https:\/\/www.facebook.com\/yachtsservice\/","article_modified_time":"2018-03-09T09:38:41+00:00","twitter_card":"summary_large_image","twitter_misc":{"Arvioitu lukuaika":"2 minuuttia"},"schema":{"@context":"https:\/\/schema.org","@graph":[{"@type":"WebPage","@id":"https:\/\/yachts-service.ee\/fi\/yrityksesta\/","url":"https:\/\/yachts-service.ee\/fi\/yrityksesta\/","name":"Yrityksest\u00e4 - Yachts Service","isPartOf":{"@id":"https:\/\/yachts-service.ee\/#website"},"datePublished":"2018-02-10T21:05:43+00:00","dateModified":"2018-03-09T09:38:41+00:00","breadcrumb":{"@id":"https:\/\/yachts-service.ee\/fi\/yrityksesta\/#breadcrumb"},"inLanguage":"fi","potentialAction":[{"@type":"ReadAction","target":["https:\/\/yachts-service.ee\/fi\/yrityksesta\/"]}]},{"@type":"BreadcrumbList","@id":"https:\/\/yachts-service.ee\/fi\/yrityksesta\/#breadcrumb","itemListElement":[{"@type":"ListItem","position":1,"name":"Home","item":"https:\/\/yachts-service.ee\/fi\/"},{"@type":"ListItem","position":2,"name":"Yrityksest\u00e4"}]},{"@type":"WebSite","@id":"https:\/\/yachts-service.ee\/#website","url":"https:\/\/yachts-service.ee\/","name":"Yachts Service","description":"","publisher":{"@id":"https:\/\/yachts-service.ee\/#organization"},"potentialAction":[{"@type":"SearchAction","target":{"@type":"EntryPoint","urlTemplate":"https:\/\/yachts-service.ee\/?s={search_term_string}"},"query-input":{"@type":"PropertyValueSpecification","valueRequired":true,"valueName":"search_term_string"}}],"inLanguage":"fi"},{"@type":"Organization","@id":"https:\/\/yachts-service.ee\/#organization","name":"Yachts Service","url":"https:\/\/yachts-service.ee\/","logo":{"@type":"ImageObject","inLanguage":"fi","@id":"https:\/\/yachts-service.ee\/#\/schema\/logo\/image\/","url":"https:\/\/yachts-service.ee\/wp-content\/uploads\/2017\/11\/cropped-YS-logo-text-blue.png","contentUrl":"https:\/\/yachts-service.ee\/wp-content\/uploads\/2017\/11\/cropped-YS-logo-text-blue.png","width":512,"height":512,"caption":"Yachts Service"},"image":{"@id":"https:\/\/yachts-service.ee\/#\/schema\/logo\/image\/"},"sameAs":["https:\/\/www.facebook.com\/yachtsservice\/"]}]}},"_links":{"self":[{"href":"https:\/\/yachts-service.ee\/fi\/wp-json\/wp\/v2\/pages\/2415","targetHints":{"allow":["GET"]}}],"collection":[{"href":"https:\/\/yachts-service.ee\/fi\/wp-json\/wp\/v2\/pages"}],"about":[{"href":"https:\/\/yachts-service.ee\/fi\/wp-json\/wp\/v2\/types\/page"}],"author":[{"embeddable":true,"href":"https:\/\/yachts-service.ee\/fi\/wp-json\/wp\/v2\/users\/2"}],"replies":[{"embeddable":true,"href":"https:\/\/yachts-service.ee\/fi\/wp-json\/wp\/v2\/comments?post=2415"}],"version-history":[{"count":2,"href":"https:\/\/yachts-service.ee\/fi\/wp-json\/wp\/v2\/pages\/2415\/revisions"}],"predecessor-version":[{"id":3726,"href":"https:\/\/yachts-service.ee\/fi\/wp-json\/wp\/v2\/pages\/2415\/revisions\/3726"}],"wp:attachment":[{"href":"https:\/\/yachts-service.ee\/fi\/wp-json\/wp\/v2\/media?parent=2415"}],"curies":[{"name":"wp","href":"https:\/\/api.w.org\/{rel}","templated":true}]}}